{"id":1169,"date":"2019-10-30T11:30:08","date_gmt":"2019-10-30T11:30:08","guid":{"rendered":"http:\/\/gabi.extendstudio.net\/hub\/?page_id=1169"},"modified":"2026-03-27T11:21:16","modified_gmt":"2026-03-27T10:21:16","slug":"contact","status":"publish","type":"page","link":"https:\/\/easygrada.fr\/en\/contact\/","title":{"rendered":"contact"},"content":{"rendered":"<div data-colibri-id=\"1169-c1\" class=\"style-813 style-local-1169-c1 position-relative\">\n  <!---->\n  <div data-colibri-component=\"section\" data-colibri-id=\"1169-c2\" id=\"cta\" class=\"h-section h-section-global-spacing d-flex align-items-lg-center align-items-md-center align-items-center style-1910 style-local-1169-c2 position-relative\">\n    <div class=\"background-wrapper\">\n      <div class=\"background-layer background-layer-media-container-lg\">\n        <div data-enabled=\"true\" data-colibri-component=\"parallax\" class=\"background-layer paraxify\" style=\"background-image: url(&quot;https:\/\/easygrada.fr\/wp-content\/uploads\/2026\/01\/colibri-image-381.png&quot;);\" model-id=\"1169-c2\" media=\"desktop\" is-preview=\"true\"><\/div>\n      <\/div>\n      <div class=\"background-layer background-layer-media-container-md\">\n        <!---->\n      <\/div>\n      <div class=\"background-layer background-layer-media-container\">\n        <!---->\n      <\/div>\n    <\/div>\n    <!---->\n    <div class=\"h-section-grid-container h-section-boxed-container\">\n      <!---->\n      <div data-colibri-id=\"1169-c3\" class=\"h-row-container gutters-row-lg-0 gutters-row-md-0 gutters-row-0 gutters-row-v-lg-0 gutters-row-v-md-0 gutters-row-v-0 style-1911 style-local-1169-c3 position-relative\">\n        <!---->\n        <div class=\"h-row justify-content-lg-center justify-content-md-center justify-content-center align-items-lg-stretch align-items-md-stretch align-items-stretch gutters-col-lg-0 gutters-col-md-0 gutters-col-0 gutters-col-v-lg-0 gutters-col-v-md-0 gutters-col-v-0\">\n          <!---->\n          <div class=\"h-column h-column-container d-flex h-col-lg-auto h-col-md-auto h-col-auto style-1912-outer style-local-1169-c4-outer\">\n            <div data-colibri-id=\"1169-c4\" class=\"d-flex h-flex-basis h-column__inner h-px-lg-0 h-px-md-0 h-px-0 v-inner-lg-0 v-inner-md-0 v-inner-0 style-1912 style-local-1169-c4 position-relative\">\n              <!---->\n              <!---->\n              <div class=\"w-100 h-y-container h-column__content h-column__v-align flex-basis-100 align-self-lg-start align-self-md-start align-self-start\">\n                <!---->\n                <div data-colibri-id=\"1169-c5\" class=\"h-global-transition-all h-heading style-1913 style-local-1169-c5 position-relative h-element\">\n                  <!---->\n                  <div class=\"h-heading__outer style-1913 style-local-1169-c5\">\n                    <!---->\n                    <!---->\n                    <h2 class=\"\">Head Office \u2013 Bordeaux<\/h2>\n                  <\/div>\n                <\/div>\n                <div data-colibri-id=\"1169-c6\" class=\"h-icon style-1914 style-local-1169-c6 position-relative h-element\">\n                  <!----><span class=\"h-svg-icon h-icon__icon style-1914-icon style-local-1169-c6-icon\"><!--Icon by Icons8 Line Awesome (https:\/\/icons8.com\/line-awesome)--><svg version=\"1.1\" xmlns=\"http:\/\/www.w3.org\/2000\/svg\" xmlns:xlink=\"http:\/\/www.w3.org\/1999\/xlink\" id=\"camera-retro\" viewbox=\"0 0 512 545.5\"><path d=\"M184 128h144l5 6.5 19 25.5h112v288H48V160h32v-16h64v16h16l19-25.5zm16 32l-19 25.5-5 6.5H80v64h93c16.678-28.552 47.7-48 83-48s66.322 19.448 83 48h93v-64h-96l-5-6.5-19-25.5H200zm168 48h32v32h-32v-32zm-112 32c-35.536 0-64 28.464-64 64s28.464 64 64 64 64-28.464 64-64-28.464-64-64-64zM80 288v128h352V288h-81.5c.863 5.153 1.5 10.61 1.5 16 0 52.83-43.17 96-96 96s-96-43.17-96-96c0-5.39.637-10.847 1.5-16H80z\"><\/path><\/svg><\/span><\/div>\n                <div\n                  data-colibri-id=\"1169-c7\" class=\"h-text h-text-component style-1915 style-local-1169-c7 position-relative h-element\">\n                  <!---->\n                  <!---->\n                  <div class=\"\">\n                    <p>Our team can be reached at our head office in Bordeaux, France, by phone at +33 5 33 89 30 81, or by email by clicking the button below.\n\nIf you need assistance with EasyGrada, textile sublimation software, or custom sportswear production, our team will be happy to help you.<\/p>\n                    <p>\n                      <br>\n                    <\/p>\n                  <\/div>\n              <\/div>\n              <div data-colibri-id=\"1169-c27\" class=\"h-x-container style-2125 style-local-1169-c27 position-relative h-element\">\n                <!---->\n                <div class=\"h-x-container-inner style-dynamic-1169-c27-group style-2125-spacing style-local-1169-c27-spacing\"><span class=\"h-button__outer style-2126-outer style-local-1169-c28-outer d-inline-flex h-element\"><a h-use-smooth-scroll=\"true\" href=\"mailto:salut@easygrada.fr\"  data-colibri-id=\"1169-c28\" class=\"d-flex w-100 align-items-center h-button justify-content-lg-center justify-content-md-center justify-content-center style-2126 style-local-1169-c28 position-relative\"><!----><!----> <span>Bordeaux<\/span><\/a>\n                  <\/span>\n                <\/div>\n              <\/div>\n            <\/div>\n          <\/div>\n        <\/div>\n        <div class=\"h-column h-column-container d-flex h-col-lg-auto h-col-md-auto h-col-auto style-1912-outer style-local-1169-c8-outer\">\n          <div data-colibri-id=\"1169-c8\" class=\"d-flex h-flex-basis h-column__inner h-px-lg-0 h-px-md-0 h-px-0 v-inner-lg-0 v-inner-md-0 v-inner-0 style-1912 style-local-1169-c8 position-relative\">\n            <!---->\n            <!---->\n            <div class=\"w-100 h-y-container h-column__content h-column__v-align flex-basis-100 align-self-lg-start align-self-md-start align-self-start\">\n              <!---->\n              <div data-colibri-id=\"1169-c9\" class=\"h-icon style-2123 style-local-1169-c9 position-relative h-element\">\n                <!----><span class=\"h-svg-icon h-icon__icon style-2123-icon style-local-1169-c9-icon\"><!--Icon by Font Awesome (https:\/\/fontawesome.com)-->\n    <svg version=\"1.1\" xmlns=\"http:\/\/www.w3.org\/2000\/svg\" xmlns:xlink=\"http:\/\/www.w3.org\/1999\/xlink\" id=\"star\" viewbox=\"0 0 1664 1896.0833\">\n      <path d=\"M1664 647q0 22-26 48l-363 354 86 500q1 7 1 20 0 21-10.5 35.5T1321 1619q-19 0-40-12l-449-236-449 236q-22 12-40 12-21 0-31.5-14.5T301 1569q0-6 2-20l86-500L25 695Q0 668 0 647q0-37 56-46l502-73L783 73q19-41 49-41t49 41l225 455 502 73q56 9 56 46z\"><\/path>\n    <\/svg><\/span><\/div>\n              <div data-colibri-id=\"1169-c10\" class=\"h-text h-text-component style-2124 style-local-1169-c10 position-relative h-element\">\n                <!---->\n                <!---->\n                <div class=\"\">\n                  <p>NEW<\/p>\n                <\/div>\n              <\/div>\n              <div data-colibri-id=\"1169-c11\" class=\"h-global-transition-all h-heading style-1913 style-local-1169-c11 position-relative h-element\">\n                <!---->\n                <div class=\"h-heading__outer style-1913 style-local-1169-c11\">\n                  <!---->\n                  <!---->\n                  <h2 class=\"\">Office in China<\/h2>\n                <\/div>\n              <\/div>\n              <div data-colibri-id=\"1169-c12\" class=\"h-text h-text-component style-1915 style-local-1169-c12 position-relative h-element\">\n                <!---->\n                <!---->\n                <div class=\"\">\n                  <p>We now have a new partnership in China, with our sales representative on site, Luc Lin.<\/p>\n                  <p>\n                    <br>\n                  <\/p>\n                <\/div>\n              <\/div>\n              <div data-colibri-id=\"1169-c29\" class=\"h-x-container style-2127 style-local-1169-c29 position-relative h-element\">\n                <!---->\n                <div class=\"h-x-container-inner style-dynamic-1169-c29-group style-2127-spacing style-local-1169-c29-spacing\"><span class=\"h-button__outer style-2128-outer style-local-1169-c30-outer d-inline-flex h-element\"><a h-use-smooth-scroll=\"true\" href=\"mailto:luc@easygrada.fr\"  data-colibri-id=\"1169-c30\" class=\"d-flex w-100 align-items-center h-button justify-content-lg-center justify-content-md-center justify-content-center style-2128 style-local-1169-c30 position-relative\"><!----><!----> <span>chine<\/span><\/a>\n                  <\/span>\n                <\/div>\n              <\/div>\n            <\/div>\n          <\/div>\n        <\/div>\n        <div class=\"h-column h-column-container d-flex h-col-lg-auto h-col-md-auto h-col-auto style-1912-outer style-local-1169-c13-outer\">\n          <div data-colibri-id=\"1169-c13\" class=\"d-flex h-flex-basis h-column__inner h-px-lg-0 h-px-md-0 h-px-0 v-inner-lg-0 v-inner-md-0 v-inner-0 style-1912 style-local-1169-c13 position-relative\">\n            <!---->\n            <!---->\n            <div class=\"w-100 h-y-container h-column__content h-column__v-align flex-basis-100 align-self-lg-start align-self-md-start align-self-start\">\n              <!---->\n              <div data-colibri-id=\"1169-c14\" class=\"h-icon style-2123 style-local-1169-c14 position-relative h-element\">\n                <!----><span class=\"h-svg-icon h-icon__icon style-2123-icon style-local-1169-c14-icon\"><!--Icon by Font Awesome (https:\/\/fontawesome.com)-->\n    <svg version=\"1.1\" xmlns=\"http:\/\/www.w3.org\/2000\/svg\" xmlns:xlink=\"http:\/\/www.w3.org\/1999\/xlink\" id=\"gears\" viewbox=\"0 0 1920 1896.0833\">\n      <path d=\"M896 896q0-106-75-181t-181-75-181 75-75 181 75 181 181 75 181-75 75-181zm768 512q0-52-38-90t-90-38-90 38-38 90q0 53 37.5 90.5t90.5 37.5 90.5-37.5 37.5-90.5zm0-1024q0-52-38-90t-90-38-90 38-38 90q0 53 37.5 90.5T1536 512t90.5-37.5T1664 384zm-384 421v185q0 10-7 19.5t-16 10.5l-155 24q-11 35-32 76 34 48 90 115 7 11 7 20 0 12-7 19-23 30-82.5 89.5T999 1423q-11 0-21-7l-115-90q-37 19-77 31-11 108-23 155-7 24-30 24H547q-11 0-20-7.5t-10-17.5l-23-153q-34-10-75-31l-118 89q-7 7-20 7-11 0-21-8-144-133-144-160 0-9 7-19 10-14 41-53t47-61q-23-44-35-82l-152-24q-10-1-17-9.5T0 987V802q0-10 7-19.5T23 772l155-24q11-35 32-76-34-48-90-115-7-11-7-20 0-12 7-20 22-30 82-89t79-59q11 0 21 7l115 90q34-18 77-32 11-108 23-154 7-24 30-24h186q11 0 20 7.5t10 17.5l23 153q34 10 75 31l118-89q8-7 20-7 11 0 21 8 144 133 144 160 0 8-7 19-12 16-42 54t-45 60q23 48 34 82l152 23q10 2 17 10.5t7 19.5zm640 533v140q0 16-149 31-12 27-30 52 51 113 51 138 0 4-4 7-122 71-124 71-8 0-46-47t-52-68q-20 2-30 2t-30-2q-14 21-52 68t-46 47q-2 0-124-71-4-3-4-7 0-25 51-138-18-25-30-52-149-15-149-31v-140q0-16 149-31 13-29 30-52-51-113-51-138 0-4 4-7 4-2 35-20t59-34 30-16q8 0 46 46.5t52 67.5q20-2 30-2t30 2q51-71 92-112l6-2q4 0 124 70 4 3 4 7 0 25-51 138 17 23 30 52 149 15 149 31zm0-1024v140q0 16-149 31-12 27-30 52 51 113 51 138 0 4-4 7-122 71-124 71-8 0-46-47t-52-68q-20 2-30 2t-30-2q-14 21-52 68t-46 47q-2 0-124-71-4-3-4-7 0-25 51-138-18-25-30-52-149-15-149-31V314q0-16 149-31 13-29 30-52-51-113-51-138 0-4 4-7 4-2 35-20t59-34 30-16q8 0 46 46.5t52 67.5q20-2 30-2t30 2q51-71 92-112l6-2q4 0 124 70 4 3 4 7 0 25-51 138 17 23 30 52 149 15 149 31z\"><\/path>\n    <\/svg><\/span><\/div>\n              <div data-colibri-id=\"1169-c15\" class=\"h-text h-text-component style-2124 style-local-1169-c15 position-relative h-element\">\n                <!---->\n                <!---->\n                <div class=\"\">\n                  <p>COMING SOON<\/p>\n                <\/div>\n              <\/div>\n              <div data-colibri-id=\"1169-c16\" class=\"h-global-transition-all h-heading style-1913 style-local-1169-c16 position-relative h-element\">\n                <!---->\n                <div class=\"h-heading__outer style-1913 style-local-1169-c16\">\n                  <!---->\n                  <!---->\n                  <h2 class=\"\">Office in the USA<\/h2>\n                <\/div>\n              <\/div>\n              <div data-colibri-id=\"1169-c17\" class=\"h-text h-text-component style-1915 style-local-1169-c17 position-relative h-element\">\n                <!---->\n                <!---->\n                <div class=\"\">\n                  <p>We are currently setting up an office in the United States to better serve you across the Atlantic.<\/p>\n                  <p>\n                    <br>\n                  <\/p>\n                <\/div>\n              <\/div>\n            <\/div>\n          <\/div>\n        <\/div>\n        <div class=\"h-column h-column-container d-flex h-col-lg-auto h-col-md-auto h-col-auto style-1916-outer style-local-1169-c18-outer\">\n          <div data-colibri-id=\"1169-c18\" class=\"d-flex h-flex-basis h-column__inner h-px-lg-0 h-px-md-0 h-px-0 v-inner-lg-0 v-inner-md-0 v-inner-0 style-1916 style-local-1169-c18 position-relative\">\n            <!---->\n            <!---->\n            <div class=\"w-100 h-y-container h-column__content h-column__v-align flex-basis-100 align-self-lg-start align-self-md-start align-self-start\">\n              <!---->\n              <div data-colibri-id=\"1169-c19\" class=\"h-x-container style-1917 style-local-1169-c19 position-relative h-element\">\n                <!---->\n                <div class=\"h-x-container-inner style-dynamic-1169-c19-group style-1917-spacing style-local-1169-c19-spacing\"><span class=\"h-button__outer style-1918-outer style-local-1169-c20-outer d-inline-flex h-element\"><a h-use-smooth-scroll=\"true\" href=\"mailto:\"  data-colibri-id=\"1169-c20\" class=\"d-flex w-100 align-items-center h-button justify-content-lg-center justify-content-md-center justify-content-center style-1918 style-local-1169-c20 position-relative\"><!----><!----> <span>A VENIR<\/span><\/a>\n                  <\/span>\n                <\/div>\n              <\/div>\n            <\/div>\n          <\/div>\n        <\/div>\n      <\/div>\n    <\/div>\n  <\/div>\n<\/div>\n<div data-colibri-component=\"section\" data-colibri-id=\"1169-c21\" id=\"cta-2\" class=\"h-section h-section-global-spacing d-flex align-items-lg-center align-items-md-center align-items-center style-1919 style-local-1169-c21 position-relative\">\n  <!---->\n  <!---->\n  <div class=\"h-section-grid-container h-section-boxed-container\">\n    <!---->\n    <div data-colibri-id=\"1169-c22\" class=\"h-row-container gutters-row-lg-2 gutters-row-md-2 gutters-row-0 gutters-row-v-lg-2 gutters-row-v-md-2 gutters-row-v-2 style-1920 style-local-1169-c22 position-relative\">\n      <!---->\n      <div class=\"h-row justify-content-lg-center justify-content-md-center justify-content-center align-items-lg-stretch align-items-md-stretch align-items-stretch gutters-col-lg-2 gutters-col-md-2 gutters-col-0 gutters-col-v-lg-2 gutters-col-v-md-2 gutters-col-v-2\">\n        <!---->\n        <div class=\"h-column h-column-container d-flex h-col-lg-auto h-col-md-auto h-col-auto style-1921-outer style-local-1169-c23-outer\">\n          <div data-colibri-id=\"1169-c23\" class=\"d-flex h-flex-basis h-column__inner h-px-lg-3 h-px-md-3 h-px-3 v-inner-lg-3 v-inner-md-3 v-inner-3 style-1921 style-local-1169-c23 position-relative\">\n            <!---->\n            <!---->\n            <div class=\"w-100 h-y-container h-column__content h-column__v-align flex-basis-100 align-self-lg-start align-self-md-start align-self-start\">\n              <!---->\n              <div data-colibri-id=\"1169-c24\" class=\"h-global-transition-all h-heading style-1922 style-local-1169-c24 position-relative h-element\">\n                <!---->\n                <div class=\"h-heading__outer style-1922 style-local-1169-c24\">\n                  <!---->\n                  <!---->\n                  <h2 class=\"\"><span style=\"color: rgba(255, 255, 255, 0.95);\">See EasyGrada in Action<\/span><\/h2>\n                <\/div>\n              <\/div>\n              <div data-colibri-id=\"1169-c25\" class=\"h-x-container style-1923 style-local-1169-c25 position-relative h-element\">\n                <!---->\n                <div class=\"h-x-container-inner style-dynamic-1169-c25-group style-1923-spacing style-local-1169-c25-spacing\"><span class=\"h-button__outer style-1924-outer style-local-1169-c26-outer d-inline-flex h-element\"><a h-use-smooth-scroll=\"true\" href=\"https:\/\/2eyi4f.share-eu1.hsforms.com\/28ADEADo_QbSD-_U2-E8H0A\"  data-colibri-id=\"1169-c26\" class=\"d-flex w-100 align-items-center h-button justify-content-lg-center justify-content-md-center justify-content-center style-1924 style-local-1169-c26 position-relative\"><!----><!----> <span>Request a Demo<\/span><\/a>\n                  <\/span>\n                <\/div>\n              <\/div>\n            <\/div>\n          <\/div>\n        <\/div>\n      <\/div>\n    <\/div>\n  <\/div>\n<\/div>\n<\/div>","protected":false},"excerpt":{"rendered":"<p>Bureau si\u00e8ge Social Bordeaux Notre \u00e9quipe est joignable au si\u00e8ge social, \u00e0 Bordeaux, au 05 33 89 30 81, ou par e-mail en cliquant sur le bouton ci-dessous. Bordeaux NOUVEAU Bureau en Chine Nous avons d\u00e9sormais un nouveau partenariat avec la Chine, avec notre commercial sur place, Luc Lin. chine PROCHAINEMENT Bureau au USA Nous [&hellip;]<\/p>\n","protected":false},"author":1,"featured_media":0,"parent":0,"menu_order":0,"comment_status":"closed","ping_status":"closed","template":"page-templates\/full-width-page.php","meta":{"footnotes":""},"class_list":["post-1169","page","type-page","status-publish","hentry"],"yoast_head":"<!-- This site is optimized with the Yoast SEO plugin v27.4 - https:\/\/yoast.com\/product\/yoast-seo-wordpress\/ -->\n<title>contact - Sublimation textile<\/title>\n<meta name=\"robots\" content=\"index, follow, max-snippet:-1, max-image-preview:large, max-video-preview:-1\" \/>\n<link rel=\"canonical\" href=\"https:\/\/easygrada.fr\/en\/contact\/\" \/>\n<meta property=\"og:locale\" content=\"en_GB\" \/>\n<meta property=\"og:type\" content=\"article\" \/>\n<meta property=\"og:title\" content=\"contact - Sublimation textile\" \/>\n<meta property=\"og:description\" content=\"Bureau si\u00e8ge Social Bordeaux Notre \u00e9quipe est joignable au si\u00e8ge social, \u00e0 Bordeaux, au 05 33 89 30 81, ou par e-mail en cliquant sur le bouton ci-dessous. Bordeaux NOUVEAU Bureau en Chine Nous avons d\u00e9sormais un nouveau partenariat avec la Chine, avec notre commercial sur place, Luc Lin. chine PROCHAINEMENT Bureau au USA Nous [&hellip;]\" \/>\n<meta property=\"og:url\" content=\"https:\/\/easygrada.fr\/en\/contact\/\" \/>\n<meta property=\"og:site_name\" content=\"Sublimation textile\" \/>\n<meta property=\"article:modified_time\" content=\"2026-03-27T10:21:16+00:00\" \/>\n<meta property=\"og:image\" content=\"https:\/\/easygrada.fr\/wp-content\/uploads\/2024\/05\/GRADATION2.jpg\" \/>\n\t<meta property=\"og:image:width\" content=\"1315\" \/>\n\t<meta property=\"og:image:height\" content=\"677\" \/>\n\t<meta property=\"og:image:type\" content=\"image\/jpeg\" \/>\n<meta name=\"twitter:card\" content=\"summary_large_image\" \/>\n<script type=\"application\/ld+json\" class=\"yoast-schema-graph\">{\"@context\":\"https:\\\/\\\/schema.org\",\"@graph\":[{\"@type\":\"WebPage\",\"@id\":\"https:\\\/\\\/easygrada.fr\\\/contact\\\/\",\"url\":\"https:\\\/\\\/easygrada.fr\\\/contact\\\/\",\"name\":\"contact - Sublimation textile\",\"isPartOf\":{\"@id\":\"https:\\\/\\\/easygrada.fr\\\/#website\"},\"datePublished\":\"2019-10-30T11:30:08+00:00\",\"dateModified\":\"2026-03-27T10:21:16+00:00\",\"breadcrumb\":{\"@id\":\"https:\\\/\\\/easygrada.fr\\\/contact\\\/#breadcrumb\"},\"inLanguage\":\"en-GB\",\"potentialAction\":[{\"@type\":\"ReadAction\",\"target\":[\"https:\\\/\\\/easygrada.fr\\\/contact\\\/\"]}]},{\"@type\":\"BreadcrumbList\",\"@id\":\"https:\\\/\\\/easygrada.fr\\\/contact\\\/#breadcrumb\",\"itemListElement\":[{\"@type\":\"ListItem\",\"position\":1,\"name\":\"Accueil\",\"item\":\"https:\\\/\\\/easygrada.fr\\\/\"},{\"@type\":\"ListItem\",\"position\":2,\"name\":\"contact\"}]},{\"@type\":\"WebSite\",\"@id\":\"https:\\\/\\\/easygrada.fr\\\/#website\",\"url\":\"https:\\\/\\\/easygrada.fr\\\/\",\"name\":\"EasyGrada\",\"description\":\"Automatisez la Sublimation facilement\",\"publisher\":{\"@id\":\"https:\\\/\\\/easygrada.fr\\\/#organization\"},\"alternateName\":\"Gradation Facile\",\"potentialAction\":[{\"@type\":\"SearchAction\",\"target\":{\"@type\":\"EntryPoint\",\"urlTemplate\":\"https:\\\/\\\/easygrada.fr\\\/?s={search_term_string}\"},\"query-input\":{\"@type\":\"PropertyValueSpecification\",\"valueRequired\":true,\"valueName\":\"search_term_string\"}}],\"inLanguage\":\"en-GB\"},{\"@type\":\"Organization\",\"@id\":\"https:\\\/\\\/easygrada.fr\\\/#organization\",\"name\":\"EasyGrada\",\"url\":\"https:\\\/\\\/easygrada.fr\\\/\",\"logo\":{\"@type\":\"ImageObject\",\"inLanguage\":\"en-GB\",\"@id\":\"https:\\\/\\\/easygrada.fr\\\/#\\\/schema\\\/logo\\\/image\\\/\",\"url\":\"https:\\\/\\\/easygrada.fr\\\/wp-content\\\/uploads\\\/2024\\\/04\\\/LOGO-EASYGRADA.png\",\"contentUrl\":\"https:\\\/\\\/easygrada.fr\\\/wp-content\\\/uploads\\\/2024\\\/04\\\/LOGO-EASYGRADA.png\",\"width\":129,\"height\":118,\"caption\":\"EasyGrada\"},\"image\":{\"@id\":\"https:\\\/\\\/easygrada.fr\\\/#\\\/schema\\\/logo\\\/image\\\/\"}}]}<\/script>\n<!-- \/ Yoast SEO plugin. -->","yoast_head_json":{"title":"contact - Sublimation textile","robots":{"index":"index","follow":"follow","max-snippet":"max-snippet:-1","max-image-preview":"max-image-preview:large","max-video-preview":"max-video-preview:-1"},"canonical":"https:\/\/easygrada.fr\/en\/contact\/","og_locale":"en_GB","og_type":"article","og_title":"contact - Sublimation textile","og_description":"Bureau si\u00e8ge Social Bordeaux Notre \u00e9quipe est joignable au si\u00e8ge social, \u00e0 Bordeaux, au 05 33 89 30 81, ou par e-mail en cliquant sur le bouton ci-dessous. Bordeaux NOUVEAU Bureau en Chine Nous avons d\u00e9sormais un nouveau partenariat avec la Chine, avec notre commercial sur place, Luc Lin. chine PROCHAINEMENT Bureau au USA Nous [&hellip;]","og_url":"https:\/\/easygrada.fr\/en\/contact\/","og_site_name":"Sublimation textile","article_modified_time":"2026-03-27T10:21:16+00:00","og_image":[{"width":1315,"height":677,"url":"https:\/\/easygrada.fr\/wp-content\/uploads\/2024\/05\/GRADATION2.jpg","type":"image\/jpeg"}],"twitter_card":"summary_large_image","schema":{"@context":"https:\/\/schema.org","@graph":[{"@type":"WebPage","@id":"https:\/\/easygrada.fr\/contact\/","url":"https:\/\/easygrada.fr\/contact\/","name":"contact - Sublimation textile","isPartOf":{"@id":"https:\/\/easygrada.fr\/#website"},"datePublished":"2019-10-30T11:30:08+00:00","dateModified":"2026-03-27T10:21:16+00:00","breadcrumb":{"@id":"https:\/\/easygrada.fr\/contact\/#breadcrumb"},"inLanguage":"en-GB","potentialAction":[{"@type":"ReadAction","target":["https:\/\/easygrada.fr\/contact\/"]}]},{"@type":"BreadcrumbList","@id":"https:\/\/easygrada.fr\/contact\/#breadcrumb","itemListElement":[{"@type":"ListItem","position":1,"name":"Accueil","item":"https:\/\/easygrada.fr\/"},{"@type":"ListItem","position":2,"name":"contact"}]},{"@type":"WebSite","@id":"https:\/\/easygrada.fr\/#website","url":"https:\/\/easygrada.fr\/","name":"EasyGrada","description":"Automatisez la Sublimation facilement","publisher":{"@id":"https:\/\/easygrada.fr\/#organization"},"alternateName":"Gradation Facile","potentialAction":[{"@type":"SearchAction","target":{"@type":"EntryPoint","urlTemplate":"https:\/\/easygrada.fr\/?s={search_term_string}"},"query-input":{"@type":"PropertyValueSpecification","valueRequired":true,"valueName":"search_term_string"}}],"inLanguage":"en-GB"},{"@type":"Organization","@id":"https:\/\/easygrada.fr\/#organization","name":"EasyGrada","url":"https:\/\/easygrada.fr\/","logo":{"@type":"ImageObject","inLanguage":"en-GB","@id":"https:\/\/easygrada.fr\/#\/schema\/logo\/image\/","url":"https:\/\/easygrada.fr\/wp-content\/uploads\/2024\/04\/LOGO-EASYGRADA.png","contentUrl":"https:\/\/easygrada.fr\/wp-content\/uploads\/2024\/04\/LOGO-EASYGRADA.png","width":129,"height":118,"caption":"EasyGrada"},"image":{"@id":"https:\/\/easygrada.fr\/#\/schema\/logo\/image\/"}}]}},"jetpack_sharing_enabled":true,"_links":{"self":[{"href":"https:\/\/easygrada.fr\/en\/wp-json\/wp\/v2\/pages\/1169","targetHints":{"allow":["GET"]}}],"collection":[{"href":"https:\/\/easygrada.fr\/en\/wp-json\/wp\/v2\/pages"}],"about":[{"href":"https:\/\/easygrada.fr\/en\/wp-json\/wp\/v2\/types\/page"}],"author":[{"embeddable":true,"href":"https:\/\/easygrada.fr\/en\/wp-json\/wp\/v2\/users\/1"}],"replies":[{"embeddable":true,"href":"https:\/\/easygrada.fr\/en\/wp-json\/wp\/v2\/comments?post=1169"}],"version-history":[{"count":12,"href":"https:\/\/easygrada.fr\/en\/wp-json\/wp\/v2\/pages\/1169\/revisions"}],"predecessor-version":[{"id":5126,"href":"https:\/\/easygrada.fr\/en\/wp-json\/wp\/v2\/pages\/1169\/revisions\/5126"}],"wp:attachment":[{"href":"https:\/\/easygrada.fr\/en\/wp-json\/wp\/v2\/media?parent=1169"}],"curies":[{"name":"wp","href":"https:\/\/api.w.org\/{rel}","templated":true}]}}