{"id":4089,"date":"2025-06-04T14:16:32","date_gmt":"2025-06-04T12:16:32","guid":{"rendered":"https:\/\/easygrada.fr\/?page_id=4089"},"modified":"2026-02-16T09:24:17","modified_gmt":"2026-02-16T08:24:17","slug":"blog","status":"publish","type":"page","link":"https:\/\/easygrada.fr\/en\/blog\/","title":{"rendered":"Blog"},"content":{"rendered":"<div data-colibri-id=\"4089-c1\" class=\"style-1542 style-local-4089-c1 position-relative\">\n  <!---->\n  <div data-colibri-component=\"section\" data-colibri-id=\"4089-c2\" id=\"about-2\" class=\"h-section h-section-global-spacing d-flex align-items-lg-center align-items-md-center align-items-center style-1789 style-local-4089-c2 position-relative\">\n    <!---->\n    <!---->\n    <div class=\"h-section-grid-container h-section-boxed-container\">\n      <!---->\n      <div data-colibri-id=\"4089-c3\" class=\"h-row-container gutters-row-lg-2 gutters-row-md-2 gutters-row-2 gutters-row-v-lg-2 gutters-row-v-md-2 gutters-row-v-2 style-1790 style-local-4089-c3 position-relative\">\n        <!---->\n        <div class=\"h-row justify-content-lg-center justify-content-md-center justify-content-center align-items-lg-center align-items-md-center align-items-center gutters-col-lg-2 gutters-col-md-2 gutters-col-2 gutters-col-v-lg-2 gutters-col-v-md-2 gutters-col-v-2\">\n          <!---->\n          <div class=\"h-column h-column-container d-flex h-col-lg-auto h-col-md-auto h-col-auto align-self-lg-center align-self-md-center align-self-center style-1791-outer style-local-4089-c4-outer\">\n            <div data-colibri-id=\"4089-c4\" class=\"d-flex h-flex-basis h-column__inner h-px-lg-0 h-px-md-0 h-px-0 v-inner-lg-0 v-inner-md-0 v-inner-0 style-1791 style-local-4089-c4 position-relative\">\n              <!---->\n              <!---->\n              <div class=\"w-100 h-y-container h-column__content h-column__v-align flex-basis-100 align-self-lg-center align-self-md-center align-self-center\">\n                <!---->\n                <div data-colibri-id=\"4089-c5\" class=\"h-row-container gutters-row-lg-0 gutters-row-md-0 gutters-row-0 gutters-row-v-lg-0 gutters-row-v-md-0 gutters-row-v-0 style-1792 style-local-4089-c5 position-relative\">\n                  <!---->\n                  <div class=\"h-row justify-content-lg-start justify-content-md-start justify-content-center align-items-lg-stretch align-items-md-stretch align-items-stretch gutters-col-lg-0 gutters-col-md-0 gutters-col-0 gutters-col-v-lg-0 gutters-col-v-md-0 gutters-col-v-0\">\n                    <!---->\n                    <div class=\"h-column h-column-container d-flex h-col-lg-auto h-col-md-auto h-col-auto style-1793-outer style-local-4089-c6-outer\">\n                      <div data-colibri-id=\"4089-c6\" class=\"d-flex h-flex-basis h-column__inner h-px-lg-0 h-px-md-0 h-px-0 v-inner-lg-0 v-inner-md-0 v-inner-0 style-1793 style-local-4089-c6 position-relative\">\n                        <!---->\n                        <!---->\n                        <div class=\"w-100 h-y-container h-column__content h-column__v-align flex-basis-auto align-self-lg-start align-self-md-start align-self-center\">\n                          <!---->\n                          <div data-colibri-id=\"4089-c7\" class=\"h-global-transition-all h-heading style-1794 style-local-4089-c7 position-relative h-element\">\n                            <!---->\n                            <div class=\"h-heading__outer style-1794 style-local-4089-c7\">\n                              <!---->\n                              <!---->\n                              <h4 class=\"\">Video tuto<\/h4>\n                            <\/div>\n                          <\/div>\n                        <\/div>\n                      <\/div>\n                    <\/div>\n                  <\/div>\n                <\/div>\n                <div data-colibri-id=\"4089-c8\" class=\"h-global-transition-all h-heading style-1795 style-local-4089-c8 position-relative h-element\">\n                  <!---->\n                  <div class=\"h-heading__outer style-1795 style-local-4089-c8\">\n                    <!---->\n                    <!---->\n                    <h3 class=\"\">Resource SIZES<\/h3>\n                  <\/div>\n                <\/div>\n                <div data-colibri-id=\"4089-c10\" class=\"h-text h-text-component style-1797 style-local-4089-c10 position-relative h-element\">\n                  <!---->\n                  <!---->\n                  <div class=\"\">\n                    <p>The resource <strong>SIZES<\/strong> allows you to create and save your size lists (European, American, Children's, etc.) before integrating your templates.<\/p>\n                    <p>This is an essential step in structuring your projects correctly and securing your production.<\/p>\n                  <\/div>\n                <\/div>\n              <\/div>\n            <\/div>\n          <\/div>\n          <div class=\"h-column h-column-container d-flex h-col-lg-auto h-col-md-auto h-col-auto align-self-lg-center align-self-md-center align-self-center style-1798-outer style-local-4089-c11-outer\">\n            <div data-colibri-id=\"4089-c11\" class=\"d-flex h-flex-basis h-column__inner h-px-lg-0 h-px-md-0 h-px-0 v-inner-lg-0 v-inner-md-0 v-inner-0 style-1798 style-local-4089-c11 position-relative\">\n              <!---->\n              <!---->\n              <div class=\"w-100 h-y-container h-column__content h-column__v-align flex-basis-100 align-self-lg-center align-self-md-center align-self-center\">\n                <!---->\n                <div data-colibri-component=\"video\" data-colibri-id=\"4089-c12\" class=\"d-block h-video d-block h-video style-1802 style-local-4089-c12 position-relative h-element\">\n                  <!---->\n                  <!---->\n                  <div class=\"video-container position-relative\">\n                    <div class=\"h-global-transition-all ratio-inner\"><video class='h-video-main' controls><source src=\"https:\/\/easygrada.fr\/wp-content\/uploads\/2026\/02\/GESTION-DES-RESSOURCES-TAILLES.mp4\" type='video\/mp4' \/><\/video><\/div>\n                  <\/div>\n                <\/div>\n              <\/div>\n            <\/div>\n          <\/div>\n        <\/div>\n      <\/div>\n    <\/div>\n  <\/div>\n  <div data-colibri-component=\"section\" data-colibri-id=\"4089-c26\" id=\"about-2\" class=\"h-section h-section-global-spacing d-flex align-items-lg-center align-items-md-center align-items-center style-1789 style-local-4089-c26 position-relative\">\n    <!---->\n    <!---->\n    <div class=\"h-section-grid-container h-section-boxed-container\">\n      <!---->\n      <div data-colibri-id=\"4089-c27\" class=\"h-row-container gutters-row-lg-2 gutters-row-md-2 gutters-row-2 gutters-row-v-lg-2 gutters-row-v-md-2 gutters-row-v-2 style-1790 style-local-4089-c27 position-relative\">\n        <!---->\n        <div class=\"h-row justify-content-lg-center justify-content-md-center justify-content-center align-items-lg-center align-items-md-center align-items-center gutters-col-lg-2 gutters-col-md-2 gutters-col-2 gutters-col-v-lg-2 gutters-col-v-md-2 gutters-col-v-2\">\n          <!---->\n          <div class=\"h-column h-column-container d-flex h-col-lg-auto h-col-md-auto h-col-auto align-self-lg-center align-self-md-center align-self-center style-1791-outer style-local-4089-c28-outer\">\n            <div data-colibri-id=\"4089-c28\" class=\"d-flex h-flex-basis h-column__inner h-px-lg-0 h-px-md-0 h-px-0 v-inner-lg-0 v-inner-md-0 v-inner-0 style-1791 style-local-4089-c28 position-relative\">\n              <!---->\n              <!---->\n              <div class=\"w-100 h-y-container h-column__content h-column__v-align flex-basis-100 align-self-lg-center align-self-md-center align-self-center\">\n                <!---->\n                <div data-colibri-id=\"4089-c29\" class=\"h-row-container gutters-row-lg-0 gutters-row-md-0 gutters-row-0 gutters-row-v-lg-0 gutters-row-v-md-0 gutters-row-v-0 style-1792 style-local-4089-c29 position-relative\">\n                  <!---->\n                  <div class=\"h-row justify-content-lg-start justify-content-md-start justify-content-center align-items-lg-stretch align-items-md-stretch align-items-stretch gutters-col-lg-0 gutters-col-md-0 gutters-col-0 gutters-col-v-lg-0 gutters-col-v-md-0 gutters-col-v-0\">\n                    <!---->\n                    <div class=\"h-column h-column-container d-flex h-col-lg-auto h-col-md-auto h-col-auto style-1793-outer style-local-4089-c30-outer\">\n                      <div data-colibri-id=\"4089-c30\" class=\"d-flex h-flex-basis h-column__inner h-px-lg-0 h-px-md-0 h-px-0 v-inner-lg-0 v-inner-md-0 v-inner-0 style-1793 style-local-4089-c30 position-relative\">\n                        <!---->\n                        <!---->\n                        <div class=\"w-100 h-y-container h-column__content h-column__v-align flex-basis-auto align-self-lg-start align-self-md-start align-self-center\">\n                          <!---->\n                          <div data-colibri-id=\"4089-c31\" class=\"h-global-transition-all h-heading style-1794 style-local-4089-c31 position-relative h-element\">\n                            <!---->\n                            <div class=\"h-heading__outer style-1794 style-local-4089-c31\">\n                              <!---->\n                              <!---->\n                              <h4 class=\"\">Video tuto<\/h4>\n                            <\/div>\n                          <\/div>\n                        <\/div>\n                      <\/div>\n                    <\/div>\n                  <\/div>\n                <\/div>\n                <div data-colibri-id=\"4089-c32\" class=\"h-global-transition-all h-heading style-1795 style-local-4089-c32 position-relative h-element\">\n                  <!---->\n                  <div class=\"h-heading__outer style-1795 style-local-4089-c32\">\n                    <!---->\n                    <!---->\n                    <h3 class=\"\">Resource NUANCIER<\/h3>\n                  <\/div>\n                <\/div>\n                <div data-colibri-id=\"4089-c33\" class=\"h-text h-text-component style-1797 style-local-4089-c33 position-relative h-element\">\n                  <!---->\n                  <!---->\n                  <div class=\"\">\n                    <p>The resource <strong>NUANCIER<\/strong> allows you to import a <strong>.ASE<\/strong> or save your colours manually in <strong>CMYK<\/strong>.<\/p>\n                    <p>Find your colours easily in the editor and work faster with an organised colour base.<\/p>\n                  <\/div>\n                <\/div>\n              <\/div>\n            <\/div>\n          <\/div>\n          <div class=\"h-column h-column-container d-flex h-col-lg-auto h-col-md-auto h-col-auto align-self-lg-center align-self-md-center align-self-center style-1798-outer style-local-4089-c34-outer\">\n            <div data-colibri-id=\"4089-c34\" class=\"d-flex h-flex-basis h-column__inner h-px-lg-0 h-px-md-0 h-px-0 v-inner-lg-0 v-inner-md-0 v-inner-0 style-1798 style-local-4089-c34 position-relative\">\n              <!---->\n              <!---->\n              <div class=\"w-100 h-y-container h-column__content h-column__v-align flex-basis-100 align-self-lg-center align-self-md-center align-self-center\">\n                <!---->\n                <div data-colibri-component=\"video\" data-colibri-id=\"4089-c35\" class=\"d-block h-video d-block h-video style-1802 style-local-4089-c35 position-relative h-element\">\n                  <!---->\n                  <!---->\n                  <div class=\"video-container position-relative\">\n                    <div class=\"h-global-transition-all ratio-inner\"><video class='h-video-main' controls><source src=\"https:\/\/easygrada.fr\/wp-content\/uploads\/2026\/02\/GESTION-DES-RESSOURCES-NUANCIER.mp4\" type='video\/mp4' \/><\/video><\/div>\n                  <\/div>\n                <\/div>\n              <\/div>\n            <\/div>\n          <\/div>\n        <\/div>\n      <\/div>\n    <\/div>\n  <\/div>\n  <div data-colibri-component=\"section\" data-colibri-id=\"4089-c14\" id=\"about-2\" class=\"h-section h-section-global-spacing d-flex align-items-lg-center align-items-md-center align-items-center style-1789 style-local-4089-c14 position-relative\">\n    <!---->\n    <!---->\n    <div class=\"h-section-grid-container h-section-boxed-container\">\n      <!---->\n      <div data-colibri-id=\"4089-c15\" class=\"h-row-container gutters-row-lg-2 gutters-row-md-2 gutters-row-2 gutters-row-v-lg-2 gutters-row-v-md-2 gutters-row-v-2 style-1790 style-local-4089-c15 position-relative\">\n        <!---->\n        <div class=\"h-row justify-content-lg-center justify-content-md-center justify-content-center align-items-lg-center align-items-md-center align-items-center gutters-col-lg-2 gutters-col-md-2 gutters-col-2 gutters-col-v-lg-2 gutters-col-v-md-2 gutters-col-v-2\">\n          <!---->\n          <div class=\"h-column h-column-container d-flex h-col-lg-auto h-col-md-auto h-col-auto align-self-lg-center align-self-md-center align-self-center style-1791-outer style-local-4089-c16-outer\">\n            <div data-colibri-id=\"4089-c16\" class=\"d-flex h-flex-basis h-column__inner h-px-lg-0 h-px-md-0 h-px-0 v-inner-lg-0 v-inner-md-0 v-inner-0 style-1791 style-local-4089-c16 position-relative\">\n              <!---->\n              <!---->\n              <div class=\"w-100 h-y-container h-column__content h-column__v-align flex-basis-100 align-self-lg-center align-self-md-center align-self-center\">\n                <!---->\n                <div data-colibri-id=\"4089-c17\" class=\"h-row-container gutters-row-lg-0 gutters-row-md-0 gutters-row-0 gutters-row-v-lg-0 gutters-row-v-md-0 gutters-row-v-0 style-1792 style-local-4089-c17 position-relative\">\n                  <!---->\n                  <div class=\"h-row justify-content-lg-start justify-content-md-start justify-content-center align-items-lg-stretch align-items-md-stretch align-items-stretch gutters-col-lg-0 gutters-col-md-0 gutters-col-0 gutters-col-v-lg-0 gutters-col-v-md-0 gutters-col-v-0\">\n                    <!---->\n                    <div class=\"h-column h-column-container d-flex h-col-lg-auto h-col-md-auto h-col-auto style-1793-outer style-local-4089-c18-outer\">\n                      <div data-colibri-id=\"4089-c18\" class=\"d-flex h-flex-basis h-column__inner h-px-lg-0 h-px-md-0 h-px-0 v-inner-lg-0 v-inner-md-0 v-inner-0 style-1793 style-local-4089-c18 position-relative\">\n                        <!---->\n                        <!---->\n                        <div class=\"w-100 h-y-container h-column__content h-column__v-align flex-basis-auto align-self-lg-start align-self-md-start align-self-center\">\n                          <!---->\n                          <div data-colibri-id=\"4089-c19\" class=\"h-global-transition-all h-heading style-1794 style-local-4089-c19 position-relative h-element\">\n                            <!---->\n                            <div class=\"h-heading__outer style-1794 style-local-4089-c19\">\n                              <!---->\n                              <!---->\n                              <h4 class=\"\">Video tuto<\/h4>\n                            <\/div>\n                          <\/div>\n                        <\/div>\n                      <\/div>\n                    <\/div>\n                  <\/div>\n                <\/div>\n                <div data-colibri-id=\"4089-c20\" class=\"h-global-transition-all h-heading style-1795 style-local-4089-c20 position-relative h-element\">\n                  <!---->\n                  <div class=\"h-heading__outer style-1795 style-local-4089-c20\">\n                    <!---->\n                    <!---->\n                    <h3 class=\"\">Integrate your personalised numbers into EasyGrada.<\/h3>\n                  <\/div>\n                <\/div>\n                <div data-colibri-id=\"4089-c21\" class=\"h-lead h-text h-text-component style-1796 style-local-4089-c21 position-relative h-element\">\n                  <!---->\n                  <!---->\n                  <div class=\"\">\n                    <p>Simple, fast and fully modular<\/p>\n                  <\/div>\n                <\/div>\n                <div data-colibri-id=\"4089-c22\" class=\"h-text h-text-component style-1797 style-local-4089-c22 position-relative h-element\">\n                  <!---->\n                  <!---->\n                  <div class=\"\">\n                    <p>Find out step-by-step how to add your personalised numbers to the EasyGrada application.<\/p>\n                  <\/div>\n                <\/div>\n              <\/div>\n            <\/div>\n          <\/div>\n          <div class=\"h-column h-column-container d-flex h-col-lg-auto h-col-md-auto h-col-auto align-self-lg-center align-self-md-center align-self-center style-1798-outer style-local-4089-c23-outer\">\n            <div data-colibri-id=\"4089-c23\" class=\"d-flex h-flex-basis h-column__inner h-px-lg-0 h-px-md-0 h-px-0 v-inner-lg-0 v-inner-md-0 v-inner-0 style-1798 style-local-4089-c23 position-relative\">\n              <!---->\n              <!---->\n              <div class=\"w-100 h-y-container h-column__content h-column__v-align flex-basis-100 align-self-lg-center align-self-md-center align-self-center\">\n                <!---->\n                <div data-colibri-component=\"video\" data-colibri-id=\"4089-c24\" class=\"d-block h-video d-block h-video style-1802 style-local-4089-c24 position-relative h-element\">\n                  <!---->\n                  <!---->\n                  <div class=\"video-container position-relative\">\n                    <div class=\"h-global-transition-all ratio-inner\"><video class='h-video-main' controls><source src=\"http:\/\/easygrada.fr\/wp-content\/uploads\/2026\/01\/Numeros-personnalises.mp4\" type='video\/mp4' \/><\/video><\/div>\n                  <\/div>\n                <\/div>\n              <\/div>\n            <\/div>\n          <\/div>\n        <\/div>\n      <\/div>\n    <\/div>\n  <\/div>\n<\/div>","protected":false},"excerpt":{"rendered":"<p>Video tuto Ressource TAILLES La ressource TAILLES vous permet de cr\u00e9er et enregistrer vos listes de tailles (Europ\u00e9ennes, Am\u00e9ricaines, Enfant, etc.) avant d\u2019int\u00e9grer vos gabarits. Une \u00e9tape essentielle pour structurer correctement vos projets et s\u00e9curiser votre production. Video tuto Ressource NUANCIER La ressource NUANCIER vous permet d\u2019importer un fichier .ASE ou d\u2019enregistrer manuellement vos couleurs [&hellip;]<\/p>\n","protected":false},"author":1,"featured_media":0,"parent":0,"menu_order":0,"comment_status":"closed","ping_status":"closed","template":"page-templates\/full-width-page.php","meta":{"footnotes":""},"class_list":["post-4089","page","type-page","status-publish","hentry"],"yoast_head":"<!-- This site is optimized with the Yoast SEO plugin v27.4 - https:\/\/yoast.com\/product\/yoast-seo-wordpress\/ -->\n<title>Blog - Sublimation textile<\/title>\n<meta name=\"robots\" content=\"index, follow, max-snippet:-1, max-image-preview:large, max-video-preview:-1\" \/>\n<link rel=\"canonical\" href=\"https:\/\/easygrada.fr\/en\/blog\/\" \/>\n<meta property=\"og:locale\" content=\"en_GB\" \/>\n<meta property=\"og:type\" content=\"article\" \/>\n<meta property=\"og:title\" content=\"Blog - Sublimation textile\" \/>\n<meta property=\"og:description\" content=\"Video tuto Ressource TAILLES La ressource TAILLES vous permet de cr\u00e9er et enregistrer vos listes de tailles (Europ\u00e9ennes, Am\u00e9ricaines, Enfant, etc.) avant d\u2019int\u00e9grer vos gabarits. Une \u00e9tape essentielle pour structurer correctement vos projets et s\u00e9curiser votre production. Video tuto Ressource NUANCIER La ressource NUANCIER vous permet d\u2019importer un fichier .ASE ou d\u2019enregistrer manuellement vos couleurs [&hellip;]\" \/>\n<meta property=\"og:url\" content=\"https:\/\/easygrada.fr\/en\/blog\/\" \/>\n<meta property=\"og:site_name\" content=\"Sublimation textile\" \/>\n<meta property=\"article:modified_time\" content=\"2026-02-16T08:24:17+00:00\" \/>\n<meta property=\"og:image\" content=\"https:\/\/easygrada.fr\/wp-content\/uploads\/2024\/05\/GRADATION2.jpg\" \/>\n\t<meta property=\"og:image:width\" content=\"1315\" \/>\n\t<meta property=\"og:image:height\" content=\"677\" \/>\n\t<meta property=\"og:image:type\" content=\"image\/jpeg\" \/>\n<meta name=\"twitter:card\" content=\"summary_large_image\" \/>\n<meta name=\"twitter:label1\" content=\"Estimated reading time\" \/>\n\t<meta name=\"twitter:data1\" content=\"1 minute\" \/>\n<script type=\"application\/ld+json\" class=\"yoast-schema-graph\">{\"@context\":\"https:\\\/\\\/schema.org\",\"@graph\":[{\"@type\":\"WebPage\",\"@id\":\"https:\\\/\\\/easygrada.fr\\\/en\\\/blog\\\/\",\"url\":\"https:\\\/\\\/easygrada.fr\\\/en\\\/blog\\\/\",\"name\":\"Blog - Sublimation textile\",\"isPartOf\":{\"@id\":\"https:\\\/\\\/easygrada.fr\\\/#website\"},\"datePublished\":\"2025-06-04T12:16:32+00:00\",\"dateModified\":\"2026-02-16T08:24:17+00:00\",\"breadcrumb\":{\"@id\":\"https:\\\/\\\/easygrada.fr\\\/en\\\/blog\\\/#breadcrumb\"},\"inLanguage\":\"en-GB\",\"potentialAction\":[{\"@type\":\"ReadAction\",\"target\":[\"https:\\\/\\\/easygrada.fr\\\/en\\\/blog\\\/\"]}]},{\"@type\":\"BreadcrumbList\",\"@id\":\"https:\\\/\\\/easygrada.fr\\\/en\\\/blog\\\/#breadcrumb\",\"itemListElement\":[{\"@type\":\"ListItem\",\"position\":1,\"name\":\"Accueil\",\"item\":\"https:\\\/\\\/easygrada.fr\\\/\"},{\"@type\":\"ListItem\",\"position\":2,\"name\":\"Blog\"}]},{\"@type\":\"WebSite\",\"@id\":\"https:\\\/\\\/easygrada.fr\\\/#website\",\"url\":\"https:\\\/\\\/easygrada.fr\\\/\",\"name\":\"EasyGrada\",\"description\":\"Automatisez la Sublimation facilement\",\"publisher\":{\"@id\":\"https:\\\/\\\/easygrada.fr\\\/#organization\"},\"alternateName\":\"Gradation Facile\",\"potentialAction\":[{\"@type\":\"SearchAction\",\"target\":{\"@type\":\"EntryPoint\",\"urlTemplate\":\"https:\\\/\\\/easygrada.fr\\\/?s={search_term_string}\"},\"query-input\":{\"@type\":\"PropertyValueSpecification\",\"valueRequired\":true,\"valueName\":\"search_term_string\"}}],\"inLanguage\":\"en-GB\"},{\"@type\":\"Organization\",\"@id\":\"https:\\\/\\\/easygrada.fr\\\/#organization\",\"name\":\"EasyGrada\",\"url\":\"https:\\\/\\\/easygrada.fr\\\/\",\"logo\":{\"@type\":\"ImageObject\",\"inLanguage\":\"en-GB\",\"@id\":\"https:\\\/\\\/easygrada.fr\\\/#\\\/schema\\\/logo\\\/image\\\/\",\"url\":\"https:\\\/\\\/easygrada.fr\\\/wp-content\\\/uploads\\\/2024\\\/04\\\/LOGO-EASYGRADA.png\",\"contentUrl\":\"https:\\\/\\\/easygrada.fr\\\/wp-content\\\/uploads\\\/2024\\\/04\\\/LOGO-EASYGRADA.png\",\"width\":129,\"height\":118,\"caption\":\"EasyGrada\"},\"image\":{\"@id\":\"https:\\\/\\\/easygrada.fr\\\/#\\\/schema\\\/logo\\\/image\\\/\"}}]}<\/script>\n<!-- \/ Yoast SEO plugin. -->","yoast_head_json":{"title":"Blog - Sublimation textile","robots":{"index":"index","follow":"follow","max-snippet":"max-snippet:-1","max-image-preview":"max-image-preview:large","max-video-preview":"max-video-preview:-1"},"canonical":"https:\/\/easygrada.fr\/en\/blog\/","og_locale":"en_GB","og_type":"article","og_title":"Blog - Sublimation textile","og_description":"Video tuto Ressource TAILLES La ressource TAILLES vous permet de cr\u00e9er et enregistrer vos listes de tailles (Europ\u00e9ennes, Am\u00e9ricaines, Enfant, etc.) avant d\u2019int\u00e9grer vos gabarits. Une \u00e9tape essentielle pour structurer correctement vos projets et s\u00e9curiser votre production. Video tuto Ressource NUANCIER La ressource NUANCIER vous permet d\u2019importer un fichier .ASE ou d\u2019enregistrer manuellement vos couleurs [&hellip;]","og_url":"https:\/\/easygrada.fr\/en\/blog\/","og_site_name":"Sublimation textile","article_modified_time":"2026-02-16T08:24:17+00:00","og_image":[{"width":1315,"height":677,"url":"https:\/\/easygrada.fr\/wp-content\/uploads\/2024\/05\/GRADATION2.jpg","type":"image\/jpeg"}],"twitter_card":"summary_large_image","twitter_misc":{"Estimated reading time":"1 minute"},"schema":{"@context":"https:\/\/schema.org","@graph":[{"@type":"WebPage","@id":"https:\/\/easygrada.fr\/en\/blog\/","url":"https:\/\/easygrada.fr\/en\/blog\/","name":"Blog - Sublimation textile","isPartOf":{"@id":"https:\/\/easygrada.fr\/#website"},"datePublished":"2025-06-04T12:16:32+00:00","dateModified":"2026-02-16T08:24:17+00:00","breadcrumb":{"@id":"https:\/\/easygrada.fr\/en\/blog\/#breadcrumb"},"inLanguage":"en-GB","potentialAction":[{"@type":"ReadAction","target":["https:\/\/easygrada.fr\/en\/blog\/"]}]},{"@type":"BreadcrumbList","@id":"https:\/\/easygrada.fr\/en\/blog\/#breadcrumb","itemListElement":[{"@type":"ListItem","position":1,"name":"Accueil","item":"https:\/\/easygrada.fr\/"},{"@type":"ListItem","position":2,"name":"Blog"}]},{"@type":"WebSite","@id":"https:\/\/easygrada.fr\/#website","url":"https:\/\/easygrada.fr\/","name":"EasyGrada","description":"Automatisez la Sublimation facilement","publisher":{"@id":"https:\/\/easygrada.fr\/#organization"},"alternateName":"Gradation Facile","potentialAction":[{"@type":"SearchAction","target":{"@type":"EntryPoint","urlTemplate":"https:\/\/easygrada.fr\/?s={search_term_string}"},"query-input":{"@type":"PropertyValueSpecification","valueRequired":true,"valueName":"search_term_string"}}],"inLanguage":"en-GB"},{"@type":"Organization","@id":"https:\/\/easygrada.fr\/#organization","name":"EasyGrada","url":"https:\/\/easygrada.fr\/","logo":{"@type":"ImageObject","inLanguage":"en-GB","@id":"https:\/\/easygrada.fr\/#\/schema\/logo\/image\/","url":"https:\/\/easygrada.fr\/wp-content\/uploads\/2024\/04\/LOGO-EASYGRADA.png","contentUrl":"https:\/\/easygrada.fr\/wp-content\/uploads\/2024\/04\/LOGO-EASYGRADA.png","width":129,"height":118,"caption":"EasyGrada"},"image":{"@id":"https:\/\/easygrada.fr\/#\/schema\/logo\/image\/"}}]}},"jetpack_sharing_enabled":true,"_links":{"self":[{"href":"https:\/\/easygrada.fr\/en\/wp-json\/wp\/v2\/pages\/4089","targetHints":{"allow":["GET"]}}],"collection":[{"href":"https:\/\/easygrada.fr\/en\/wp-json\/wp\/v2\/pages"}],"about":[{"href":"https:\/\/easygrada.fr\/en\/wp-json\/wp\/v2\/types\/page"}],"author":[{"embeddable":true,"href":"https:\/\/easygrada.fr\/en\/wp-json\/wp\/v2\/users\/1"}],"replies":[{"embeddable":true,"href":"https:\/\/easygrada.fr\/en\/wp-json\/wp\/v2\/comments?post=4089"}],"version-history":[{"count":15,"href":"https:\/\/easygrada.fr\/en\/wp-json\/wp\/v2\/pages\/4089\/revisions"}],"predecessor-version":[{"id":4728,"href":"https:\/\/easygrada.fr\/en\/wp-json\/wp\/v2\/pages\/4089\/revisions\/4728"}],"wp:attachment":[{"href":"https:\/\/easygrada.fr\/en\/wp-json\/wp\/v2\/media?parent=4089"}],"curies":[{"name":"wp","href":"https:\/\/api.w.org\/{rel}","templated":true}]}}