{"id":4942,"date":"2026-03-12T14:38:56","date_gmt":"2026-03-12T13:38:56","guid":{"rendered":"https:\/\/easygrada.fr\/?page_id=4942"},"modified":"2026-03-12T16:10:28","modified_gmt":"2026-03-12T15:10:28","slug":"gradation-textile-automatique","status":"publish","type":"page","link":"https:\/\/easygrada.fr\/en\/gradation-textile-automatique\/","title":{"rendered":"gradation-textile-automatique"},"content":{"rendered":"<div data-colibri-id=\"4942-c1\" class=\"style-2019 style-local-4942-c1 position-relative\">\n  <!---->\n  <div data-colibri-component=\"section\" data-colibri-id=\"4942-c2\" id=\"about\" class=\"h-section h-section-global-spacing d-flex align-items-lg-center align-items-md-center align-items-center style-2020 style-local-4942-c2 position-relative\">\n    <!---->\n    <!---->\n    <div class=\"h-section-grid-container h-section-boxed-container\">\n      <!---->\n      <div data-colibri-id=\"4942-c3\" class=\"h-row-container gutters-row-lg-2 gutters-row-md-2 gutters-row-2 gutters-row-v-lg-2 gutters-row-v-md-2 gutters-row-v-2 style-2021 style-local-4942-c3 position-relative\">\n        <!---->\n        <div class=\"h-row justify-content-lg-center justify-content-md-center justify-content-center align-items-lg-stretch align-items-md-stretch align-items-stretch gutters-col-lg-2 gutters-col-md-2 gutters-col-2 gutters-col-v-lg-2 gutters-col-v-md-2 gutters-col-v-2\">\n          <!---->\n          <div class=\"h-column h-column-container d-flex h-col-lg-auto h-col-md-auto h-col-auto style-2022-outer style-local-4942-c4-outer\">\n            <div data-colibri-id=\"4942-c4\" class=\"d-flex h-flex-basis h-column__inner h-px-lg-2 h-px-md-2 h-px-2 v-inner-lg-2 v-inner-md-2 v-inner-2 style-2022 style-local-4942-c4 position-relative\">\n              <!---->\n              <!---->\n              <div class=\"w-100 h-y-container h-column__content h-column__v-align flex-basis-100 align-self-lg-center align-self-md-center align-self-center\">\n                <!---->\n                <div data-colibri-id=\"4942-c5\" class=\"h-global-transition-all h-heading style-2023 style-local-4942-c5 position-relative h-element\">\n                  <!---->\n                  <div class=\"h-heading__outer style-2023 style-local-4942-c5\">\n                    <!---->\n                    <!---->\n                    <h1 class=\"\">Automate the gradation of sublimation garments<\/h1>\n                  <\/div>\n                <\/div>\n                <div data-colibri-id=\"4942-c6\" class=\"h-global-transition-all h-heading style-2024 style-local-4942-c6 position-relative h-element\">\n                  <!---->\n                  <div class=\"h-heading__outer style-2024 style-local-4942-c6\">\n                    <!---->\n                    <!---->\n                    <h2 class=\"\">What is the&nbsp;&nbsp;<em style=\"color: rgb(3, 169, 244); font-family: Playfair Display;\">gradation<\/em>&nbsp;textile<\/h2>\n                  <\/div>\n                <\/div>\n                <div data-colibri-id=\"4942-c7\" class=\"h-lead h-text h-text-component style-2025 style-local-4942-c7 position-relative h-element\">\n                  <!---->\n                  <!---->\n                  <div class=\"\">\n                    <p>Textile grading involves adapting a pattern or graphic design to create different sizes of the same garment. Starting with a basic model, generally designed in size M or L, the dimensions are adjusted to produce\n                      other sizes such as S, XL or XXL.<\/p>\n                  <\/div>\n                <\/div>\n                <div data-colibri-id=\"4942-c8\" class=\"h-x-container style-2026 style-local-4942-c8 position-relative h-element\">\n                  <!---->\n                  <div class=\"h-x-container-inner style-dynamic-4942-c8-group style-2026-spacing style-local-4942-c8-spacing\"><span class=\"h-button__outer style-2027-outer style-local-4942-c9-outer d-inline-flex h-element\"><a h-use-smooth-scroll=\"true\" href=\"https:\/\/app.easygrada.fr\/register\"  data-colibri-id=\"4942-c9\" class=\"d-flex w-100 align-items-center h-button justify-content-lg-center justify-content-md-center justify-content-center style-2027 style-local-4942-c9 position-relative\"><!----><!----> <span>REGISTER<\/span><\/a>\n                    <\/span>\n                  <\/div>\n                <\/div>\n              <\/div>\n            <\/div>\n          <\/div>\n          <div class=\"h-column h-column-container d-flex h-col-lg-auto h-col-md-auto h-col-auto style-2028-outer style-local-4942-c10-outer\">\n            <div data-colibri-id=\"4942-c10\" class=\"d-flex h-flex-basis h-column__inner h-px-lg-2 h-px-md-2 h-px-2 v-inner-lg-2 v-inner-md-2 v-inner-2 style-2028 style-local-4942-c10 position-relative\">\n              <!---->\n              <!---->\n              <div class=\"w-100 h-y-container h-column__content h-column__v-align flex-basis-100 align-self-lg-center align-self-md-center align-self-center\">\n                <!---->\n                <div data-colibri-id=\"4942-c11\" class=\"d-block style-2029 style-local-4942-c11 position-relative h-element\">\n                  <!---->\n                  <div class=\"h-image__frame-container-outer\">\n                    <div class=\"h-image__frame-container\">\n                      <!---->\n                      <!---->\n                      <img loading=\"lazy\" decoding=\"async\" width=\"2560\" height=\"2560\" src=\"https:\/\/easygrada.fr\/wp-content\/uploads\/2026\/03\/GRADATION-IMAGE-REEL-scaled.jpg\" class=\"wp-image-4969 style-2029-image style-local-4942-c11-image\" alt=\"\" srcset=\"https:\/\/easygrada.fr\/wp-content\/uploads\/2026\/03\/GRADATION-IMAGE-REEL-scaled.jpg 2560w, https:\/\/easygrada.fr\/wp-content\/uploads\/2026\/03\/GRADATION-IMAGE-REEL-300x300.jpg 300w, https:\/\/easygrada.fr\/wp-content\/uploads\/2026\/03\/GRADATION-IMAGE-REEL-1024x1024.jpg 1024w, https:\/\/easygrada.fr\/wp-content\/uploads\/2026\/03\/GRADATION-IMAGE-REEL-150x150.jpg 150w, https:\/\/easygrada.fr\/wp-content\/uploads\/2026\/03\/GRADATION-IMAGE-REEL-768x768.jpg 768w, https:\/\/easygrada.fr\/wp-content\/uploads\/2026\/03\/GRADATION-IMAGE-REEL-1536x1536.jpg 1536w, https:\/\/easygrada.fr\/wp-content\/uploads\/2026\/03\/GRADATION-IMAGE-REEL-2048x2048.jpg 2048w, https:\/\/easygrada.fr\/wp-content\/uploads\/2026\/03\/GRADATION-IMAGE-REEL-12x12.jpg 12w\" sizes=\"auto, (max-width: 2560px) 100vw, 2560px\" \/>\n                      <div class=\"h-image__frame h-hide-sm style-2029-frameImage style-local-4942-c11-frameImage\"><\/div>\n                    <\/div>\n                  <\/div>\n                <\/div>\n              <\/div>\n            <\/div>\n          <\/div>\n        <\/div>\n      <\/div>\n    <\/div>\n  <\/div>\n  <div data-colibri-component=\"section\" data-colibri-id=\"4942-c12\" id=\"about-2\" class=\"h-section h-section-global-spacing d-flex align-items-lg-center align-items-md-center align-items-center style-2030 style-local-4942-c12 position-relative\">\n    <!---->\n    <!---->\n    <div class=\"h-section-grid-container h-section-boxed-container\">\n      <!---->\n      <div data-colibri-id=\"4942-c13\" class=\"h-row-container gutters-row-lg-0 gutters-row-md-0 gutters-row-0 gutters-row-v-lg-0 gutters-row-v-md-0 gutters-row-v-0 style-2031 style-local-4942-c13 position-relative\">\n        <!---->\n        <div class=\"h-row justify-content-lg-center justify-content-md-center justify-content-center align-items-lg-stretch align-items-md-stretch align-items-stretch gutters-col-lg-0 gutters-col-md-0 gutters-col-0 gutters-col-v-lg-0 gutters-col-v-md-0 gutters-col-v-0\">\n          <!---->\n          <div class=\"h-column h-column-container d-flex h-col-lg-auto h-col-md-auto h-col-auto style-2032-outer style-local-4942-c14-outer\">\n            <div data-colibri-id=\"4942-c14\" class=\"d-flex h-flex-basis h-column__inner h-px-lg-0 h-px-md-0 h-px-0 v-inner-lg-0 v-inner-md-0 v-inner-0 style-2032 style-local-4942-c14 position-relative\">\n              <!---->\n              <!---->\n              <div class=\"w-100 h-y-container h-column__content h-column__v-align flex-basis-100 align-self-lg-start align-self-md-start align-self-start\">\n                <!---->\n                <div data-colibri-id=\"4942-c15\" class=\"h-global-transition-all h-heading style-2033 style-local-4942-c15 position-relative h-element\">\n                  <!---->\n                  <div class=\"h-heading__outer style-2033 style-local-4942-c15\">\n                    <!---->\n                    <!---->\n                    <h5 class=\"\">jersey-sport-sublimation-production<\/h5>\n                  <\/div>\n                <\/div>\n                <div data-colibri-id=\"4942-c16\" class=\"h-global-transition-all h-heading style-2034 style-local-4942-c16 position-relative h-element\">\n                  <!---->\n                  <div class=\"h-heading__outer style-2034 style-local-4942-c16\">\n                    <!---->\n                    <!---->\n                    <h2 class=\"\">Case study: production of a sports shirt<\/h2>\n                  <\/div>\n                <\/div>\n                <div data-colibri-id=\"4942-c17\" class=\"h-text h-text-component style-2035 style-local-4942-c17 position-relative h-element\">\n                  <!---->\n                  <!---->\n                  <div class=\"\">\n                    <p>Let's take the example of an order for shirts for a sports club. The manufacturer needs to produce 120 shirts in different sizes, with the names and numbers of the players.<\/p>\n                    <p>Without automation, the graphic designer must :<\/p>\n                    <ul>\n                      <li>create each shirt size<\/li>\n                      <li>adjust the design for each dimension<\/li>\n                      <li>edit names and numbers individually<\/li>\n                      <li>check all files before printing<\/li>\n                    <\/ul>\n                    <p>This can take several hours of preparation.<\/p>\n                  <\/div>\n                <\/div>\n              <\/div>\n            <\/div>\n          <\/div>\n          <div class=\"h-column h-column-container d-flex h-col-lg-auto h-col-md-auto h-col-auto style-2036-outer style-local-4942-c18-outer\">\n            <div data-colibri-id=\"4942-c18\" class=\"d-flex h-flex-basis h-column__inner h-px-lg-0 h-px-md-0 h-px-0 v-inner-lg-0 v-inner-md-0 v-inner-0 style-2036 style-local-4942-c18 position-relative\">\n              <!---->\n              <!---->\n              <div class=\"w-100 h-y-container h-column__content h-column__v-align flex-basis-100 align-self-lg-center align-self-md-center align-self-start\">\n                <!---->\n                <div data-colibri-component=\"video\" data-colibri-id=\"4942-c19\" class=\"d-block h-video d-block h-video style-2037 style-local-4942-c19 position-relative h-element\">\n                  <!---->\n                  <!---->\n                  <div class=\"video-container position-relative\">\n                    <div class=\"h-global-transition-all ratio-inner\"><video class='h-video-main' controls><source src=\"https:\/\/easygrada.fr\/wp-content\/uploads\/2026\/03\/EASYGRADA-FICHIER-EXCEL.mp4\" type='video\/mp4' \/><\/video><\/div>\n                  <\/div>\n                <\/div>\n              <\/div>\n            <\/div>\n          <\/div>\n        <\/div>\n      <\/div>\n    <\/div>\n  <\/div>\n  <div data-colibri-component=\"section\" data-colibri-id=\"4942-c21\" id=\"content\" class=\"h-section h-section-global-spacing d-flex align-items-lg-center align-items-md-center align-items-center style-2039 style-local-4942-c21 position-relative\">\n    <!---->\n    <!---->\n    <div class=\"h-section-grid-container h-section-boxed-container\">\n      <div data-colibri-id=\"4942-c25\" class=\"h-row-container gutters-row-lg-2 gutters-row-md-2 gutters-row-2 gutters-row-v-lg-2 gutters-row-v-md-2 gutters-row-v-2 style-2043 style-local-4942-c25 position-relative\">\n        <!---->\n        <div class=\"h-row justify-content-lg-center justify-content-md-center justify-content-center align-items-lg-stretch align-items-md-stretch align-items-stretch gutters-col-lg-2 gutters-col-md-2 gutters-col-2 gutters-col-v-lg-2 gutters-col-v-md-2 gutters-col-v-2\">\n          <!---->\n          <div class=\"h-column h-column-container d-flex h-col-lg-auto h-col-md-auto h-col-auto style-2044-outer style-local-4942-c26-outer\">\n            <div data-colibri-id=\"4942-c26\" class=\"d-flex h-flex-basis h-column__inner h-px-lg-2 h-px-md-2 h-px-0 v-inner-lg-2 v-inner-md-2 v-inner-0 style-2044 style-local-4942-c26 position-relative\">\n              <!---->\n              <!---->\n              <div class=\"w-100 h-y-container h-column__content h-column__v-align flex-basis-100 align-self-lg-start align-self-md-start align-self-start\">\n                <!---->\n                <div data-colibri-id=\"4942-c27\" class=\"h-global-transition-all h-heading style-2045 style-local-4942-c27 position-relative h-element\">\n                  <!---->\n                  <div class=\"h-heading__outer style-2045 style-local-4942-c27\">\n                    <!---->\n                    <!---->\n                    <h2 class=\"\">automated textile sublimation workflow<\/h2>\n                  <\/div>\n                <\/div>\n                <div data-colibri-id=\"4942-c28\" class=\"h-lead h-text h-text-component style-2046 style-local-4942-c28 position-relative h-element\">\n                  <!---->\n                  <!---->\n                  <div class=\"\">\n                    <p>With Easygrada, the process becomes much faster. Sizes are generated automatically and player information can be imported via an Excel file. The software then produces files ready for printing\n                      in just a few minutes.<\/p>\n                  <\/div>\n                <\/div>\n              <\/div>\n            <\/div>\n          <\/div>\n        <\/div>\n      <\/div>\n      <div data-colibri-id=\"4942-c22\" class=\"h-row-container gutters-row-lg-2 gutters-row-md-2 gutters-row-2 gutters-row-v-lg-2 gutters-row-v-md-2 gutters-row-v-2 style-2040 style-local-4942-c22 position-relative\">\n        <!---->\n        <div class=\"h-row justify-content-lg-center justify-content-md-center justify-content-center align-items-lg-stretch align-items-md-stretch align-items-stretch gutters-col-lg-2 gutters-col-md-2 gutters-col-2 gutters-col-v-lg-2 gutters-col-v-md-2 gutters-col-v-2\">\n          <!---->\n          <div class=\"h-column h-column-container d-flex h-col-lg-auto h-col-md-auto h-col-auto style-2041-outer style-local-4942-c23-outer\">\n            <div data-colibri-id=\"4942-c23\" class=\"d-flex h-flex-basis h-column__inner h-px-lg-0 h-px-md-0 h-px-0 v-inner-lg-0 v-inner-md-0 v-inner-0 style-2041 style-local-4942-c23 position-relative\">\n              <!---->\n              <!---->\n              <div class=\"w-100 h-y-container h-column__content h-column__v-align flex-basis-100 align-self-lg-start align-self-md-start align-self-start\">\n                <!---->\n                <div data-colibri-id=\"4942-c24\" class=\"d-block style-2042 style-local-4942-c24 position-relative h-element\">\n                  <!---->\n                  <div class=\"h-image__frame-container-outer\">\n                    <div class=\"h-image__frame-container\">\n                      <!---->\n                      <!---->\n                      <img loading=\"lazy\" decoding=\"async\" width=\"2560\" height=\"1707\" src=\"https:\/\/easygrada.fr\/wp-content\/uploads\/2026\/03\/EASYGRADA-PROCESS-01-scaled.jpg\" class=\"wp-image-5000 style-2042-image style-local-4942-c24-image\" alt=\"\" srcset=\"https:\/\/easygrada.fr\/wp-content\/uploads\/2026\/03\/EASYGRADA-PROCESS-01-scaled.jpg 2560w, https:\/\/easygrada.fr\/wp-content\/uploads\/2026\/03\/EASYGRADA-PROCESS-01-300x200.jpg 300w, https:\/\/easygrada.fr\/wp-content\/uploads\/2026\/03\/EASYGRADA-PROCESS-01-1024x683.jpg 1024w, https:\/\/easygrada.fr\/wp-content\/uploads\/2026\/03\/EASYGRADA-PROCESS-01-768x512.jpg 768w, https:\/\/easygrada.fr\/wp-content\/uploads\/2026\/03\/EASYGRADA-PROCESS-01-1536x1024.jpg 1536w, https:\/\/easygrada.fr\/wp-content\/uploads\/2026\/03\/EASYGRADA-PROCESS-01-2048x1365.jpg 2048w, https:\/\/easygrada.fr\/wp-content\/uploads\/2026\/03\/EASYGRADA-PROCESS-01-18x12.jpg 18w\" sizes=\"auto, (max-width: 2560px) 100vw, 2560px\" \/>\n                      <div class=\"h-image__frame style-2042-frameImage style-local-4942-c24-frameImage\"><\/div>\n                    <\/div>\n                  <\/div>\n                <\/div>\n              <\/div>\n            <\/div>\n          <\/div>\n        <\/div>\n      <\/div>\n    <\/div>\n  <\/div>\n<\/div>","protected":false},"excerpt":{"rendered":"<p>Automatiser la gradation des v\u00eatements en sublimation Qu&rsquo;est-ce que la&nbsp;&nbsp;gradation&nbsp;textile La gradation textile consiste \u00e0 adapter un patron ou un design graphique pour cr\u00e9er diff\u00e9rentes tailles d\u2019un m\u00eame v\u00eatement. \u00c0 partir d\u2019un mod\u00e8le de base, g\u00e9n\u00e9ralement con\u00e7u en taille M ou L, les dimensions sont ajust\u00e9es pour produire les autres tailles comme S, XL ou [&hellip;]<\/p>\n","protected":false},"author":1,"featured_media":0,"parent":0,"menu_order":0,"comment_status":"closed","ping_status":"closed","template":"page-templates\/full-width-page.php","meta":{"footnotes":""},"class_list":["post-4942","page","type-page","status-publish","hentry"],"yoast_head":"<!-- This site is optimized with the Yoast SEO plugin v27.4 - https:\/\/yoast.com\/product\/yoast-seo-wordpress\/ -->\n<title>gradation-textile-automatique - Sublimation textile<\/title>\n<meta name=\"robots\" content=\"index, follow, max-snippet:-1, max-image-preview:large, max-video-preview:-1\" \/>\n<link rel=\"canonical\" href=\"https:\/\/easygrada.fr\/en\/gradation-textile-automatique\/\" \/>\n<meta property=\"og:locale\" content=\"en_GB\" \/>\n<meta property=\"og:type\" content=\"article\" \/>\n<meta property=\"og:title\" content=\"gradation-textile-automatique - Sublimation textile\" \/>\n<meta property=\"og:description\" content=\"Automatiser la gradation des v\u00eatements en sublimation Qu&rsquo;est-ce que la&nbsp;&nbsp;gradation&nbsp;textile La gradation textile consiste \u00e0 adapter un patron ou un design graphique pour cr\u00e9er diff\u00e9rentes tailles d\u2019un m\u00eame v\u00eatement. \u00c0 partir d\u2019un mod\u00e8le de base, g\u00e9n\u00e9ralement con\u00e7u en taille M ou L, les dimensions sont ajust\u00e9es pour produire les autres tailles comme S, XL ou [&hellip;]\" \/>\n<meta property=\"og:url\" content=\"https:\/\/easygrada.fr\/en\/gradation-textile-automatique\/\" \/>\n<meta property=\"og:site_name\" content=\"Sublimation textile\" \/>\n<meta property=\"article:modified_time\" content=\"2026-03-12T15:10:28+00:00\" \/>\n<meta property=\"og:image\" content=\"https:\/\/easygrada.fr\/wp-content\/uploads\/2026\/03\/GRADATION-IMAGE-REEL-scaled.jpg\" \/>\n\t<meta property=\"og:image:width\" content=\"2560\" \/>\n\t<meta property=\"og:image:height\" content=\"2560\" \/>\n\t<meta property=\"og:image:type\" content=\"image\/jpeg\" \/>\n<meta name=\"twitter:card\" content=\"summary_large_image\" \/>\n<script type=\"application\/ld+json\" class=\"yoast-schema-graph\">{\"@context\":\"https:\\\/\\\/schema.org\",\"@graph\":[{\"@type\":\"WebPage\",\"@id\":\"https:\\\/\\\/easygrada.fr\\\/gradation-textile-automatique\\\/\",\"url\":\"https:\\\/\\\/easygrada.fr\\\/gradation-textile-automatique\\\/\",\"name\":\"gradation-textile-automatique - Sublimation textile\",\"isPartOf\":{\"@id\":\"https:\\\/\\\/easygrada.fr\\\/#website\"},\"primaryImageOfPage\":{\"@id\":\"https:\\\/\\\/easygrada.fr\\\/gradation-textile-automatique\\\/#primaryimage\"},\"image\":{\"@id\":\"https:\\\/\\\/easygrada.fr\\\/gradation-textile-automatique\\\/#primaryimage\"},\"thumbnailUrl\":\"https:\\\/\\\/easygrada.fr\\\/wp-content\\\/uploads\\\/2026\\\/03\\\/GRADATION-IMAGE-REEL-scaled.jpg\",\"datePublished\":\"2026-03-12T13:38:56+00:00\",\"dateModified\":\"2026-03-12T15:10:28+00:00\",\"breadcrumb\":{\"@id\":\"https:\\\/\\\/easygrada.fr\\\/gradation-textile-automatique\\\/#breadcrumb\"},\"inLanguage\":\"en-GB\",\"potentialAction\":[{\"@type\":\"ReadAction\",\"target\":[\"https:\\\/\\\/easygrada.fr\\\/gradation-textile-automatique\\\/\"]}]},{\"@type\":\"ImageObject\",\"inLanguage\":\"en-GB\",\"@id\":\"https:\\\/\\\/easygrada.fr\\\/gradation-textile-automatique\\\/#primaryimage\",\"url\":\"https:\\\/\\\/easygrada.fr\\\/wp-content\\\/uploads\\\/2026\\\/03\\\/GRADATION-IMAGE-REEL-scaled.jpg\",\"contentUrl\":\"https:\\\/\\\/easygrada.fr\\\/wp-content\\\/uploads\\\/2026\\\/03\\\/GRADATION-IMAGE-REEL-scaled.jpg\"},{\"@type\":\"BreadcrumbList\",\"@id\":\"https:\\\/\\\/easygrada.fr\\\/gradation-textile-automatique\\\/#breadcrumb\",\"itemListElement\":[{\"@type\":\"ListItem\",\"position\":1,\"name\":\"Accueil\",\"item\":\"https:\\\/\\\/easygrada.fr\\\/\"},{\"@type\":\"ListItem\",\"position\":2,\"name\":\"gradation-textile-automatique\"}]},{\"@type\":\"WebSite\",\"@id\":\"https:\\\/\\\/easygrada.fr\\\/#website\",\"url\":\"https:\\\/\\\/easygrada.fr\\\/\",\"name\":\"EasyGrada\",\"description\":\"Automatisez la Sublimation facilement\",\"publisher\":{\"@id\":\"https:\\\/\\\/easygrada.fr\\\/#organization\"},\"alternateName\":\"Gradation Facile\",\"potentialAction\":[{\"@type\":\"SearchAction\",\"target\":{\"@type\":\"EntryPoint\",\"urlTemplate\":\"https:\\\/\\\/easygrada.fr\\\/?s={search_term_string}\"},\"query-input\":{\"@type\":\"PropertyValueSpecification\",\"valueRequired\":true,\"valueName\":\"search_term_string\"}}],\"inLanguage\":\"en-GB\"},{\"@type\":\"Organization\",\"@id\":\"https:\\\/\\\/easygrada.fr\\\/#organization\",\"name\":\"EasyGrada\",\"url\":\"https:\\\/\\\/easygrada.fr\\\/\",\"logo\":{\"@type\":\"ImageObject\",\"inLanguage\":\"en-GB\",\"@id\":\"https:\\\/\\\/easygrada.fr\\\/#\\\/schema\\\/logo\\\/image\\\/\",\"url\":\"https:\\\/\\\/easygrada.fr\\\/wp-content\\\/uploads\\\/2024\\\/04\\\/LOGO-EASYGRADA.png\",\"contentUrl\":\"https:\\\/\\\/easygrada.fr\\\/wp-content\\\/uploads\\\/2024\\\/04\\\/LOGO-EASYGRADA.png\",\"width\":129,\"height\":118,\"caption\":\"EasyGrada\"},\"image\":{\"@id\":\"https:\\\/\\\/easygrada.fr\\\/#\\\/schema\\\/logo\\\/image\\\/\"}}]}<\/script>\n<!-- \/ Yoast SEO plugin. -->","yoast_head_json":{"title":"gradation-textile-automatique - Sublimation textile","robots":{"index":"index","follow":"follow","max-snippet":"max-snippet:-1","max-image-preview":"max-image-preview:large","max-video-preview":"max-video-preview:-1"},"canonical":"https:\/\/easygrada.fr\/en\/gradation-textile-automatique\/","og_locale":"en_GB","og_type":"article","og_title":"gradation-textile-automatique - Sublimation textile","og_description":"Automatiser la gradation des v\u00eatements en sublimation Qu&rsquo;est-ce que la&nbsp;&nbsp;gradation&nbsp;textile La gradation textile consiste \u00e0 adapter un patron ou un design graphique pour cr\u00e9er diff\u00e9rentes tailles d\u2019un m\u00eame v\u00eatement. \u00c0 partir d\u2019un mod\u00e8le de base, g\u00e9n\u00e9ralement con\u00e7u en taille M ou L, les dimensions sont ajust\u00e9es pour produire les autres tailles comme S, XL ou [&hellip;]","og_url":"https:\/\/easygrada.fr\/en\/gradation-textile-automatique\/","og_site_name":"Sublimation textile","article_modified_time":"2026-03-12T15:10:28+00:00","og_image":[{"width":2560,"height":2560,"url":"https:\/\/easygrada.fr\/wp-content\/uploads\/2026\/03\/GRADATION-IMAGE-REEL-scaled.jpg","type":"image\/jpeg"}],"twitter_card":"summary_large_image","schema":{"@context":"https:\/\/schema.org","@graph":[{"@type":"WebPage","@id":"https:\/\/easygrada.fr\/gradation-textile-automatique\/","url":"https:\/\/easygrada.fr\/gradation-textile-automatique\/","name":"gradation-textile-automatique - Sublimation textile","isPartOf":{"@id":"https:\/\/easygrada.fr\/#website"},"primaryImageOfPage":{"@id":"https:\/\/easygrada.fr\/gradation-textile-automatique\/#primaryimage"},"image":{"@id":"https:\/\/easygrada.fr\/gradation-textile-automatique\/#primaryimage"},"thumbnailUrl":"https:\/\/easygrada.fr\/wp-content\/uploads\/2026\/03\/GRADATION-IMAGE-REEL-scaled.jpg","datePublished":"2026-03-12T13:38:56+00:00","dateModified":"2026-03-12T15:10:28+00:00","breadcrumb":{"@id":"https:\/\/easygrada.fr\/gradation-textile-automatique\/#breadcrumb"},"inLanguage":"en-GB","potentialAction":[{"@type":"ReadAction","target":["https:\/\/easygrada.fr\/gradation-textile-automatique\/"]}]},{"@type":"ImageObject","inLanguage":"en-GB","@id":"https:\/\/easygrada.fr\/gradation-textile-automatique\/#primaryimage","url":"https:\/\/easygrada.fr\/wp-content\/uploads\/2026\/03\/GRADATION-IMAGE-REEL-scaled.jpg","contentUrl":"https:\/\/easygrada.fr\/wp-content\/uploads\/2026\/03\/GRADATION-IMAGE-REEL-scaled.jpg"},{"@type":"BreadcrumbList","@id":"https:\/\/easygrada.fr\/gradation-textile-automatique\/#breadcrumb","itemListElement":[{"@type":"ListItem","position":1,"name":"Accueil","item":"https:\/\/easygrada.fr\/"},{"@type":"ListItem","position":2,"name":"gradation-textile-automatique"}]},{"@type":"WebSite","@id":"https:\/\/easygrada.fr\/#website","url":"https:\/\/easygrada.fr\/","name":"EasyGrada","description":"Automatisez la Sublimation facilement","publisher":{"@id":"https:\/\/easygrada.fr\/#organization"},"alternateName":"Gradation Facile","potentialAction":[{"@type":"SearchAction","target":{"@type":"EntryPoint","urlTemplate":"https:\/\/easygrada.fr\/?s={search_term_string}"},"query-input":{"@type":"PropertyValueSpecification","valueRequired":true,"valueName":"search_term_string"}}],"inLanguage":"en-GB"},{"@type":"Organization","@id":"https:\/\/easygrada.fr\/#organization","name":"EasyGrada","url":"https:\/\/easygrada.fr\/","logo":{"@type":"ImageObject","inLanguage":"en-GB","@id":"https:\/\/easygrada.fr\/#\/schema\/logo\/image\/","url":"https:\/\/easygrada.fr\/wp-content\/uploads\/2024\/04\/LOGO-EASYGRADA.png","contentUrl":"https:\/\/easygrada.fr\/wp-content\/uploads\/2024\/04\/LOGO-EASYGRADA.png","width":129,"height":118,"caption":"EasyGrada"},"image":{"@id":"https:\/\/easygrada.fr\/#\/schema\/logo\/image\/"}}]}},"jetpack_sharing_enabled":true,"_links":{"self":[{"href":"https:\/\/easygrada.fr\/en\/wp-json\/wp\/v2\/pages\/4942","targetHints":{"allow":["GET"]}}],"collection":[{"href":"https:\/\/easygrada.fr\/en\/wp-json\/wp\/v2\/pages"}],"about":[{"href":"https:\/\/easygrada.fr\/en\/wp-json\/wp\/v2\/types\/page"}],"author":[{"embeddable":true,"href":"https:\/\/easygrada.fr\/en\/wp-json\/wp\/v2\/users\/1"}],"replies":[{"embeddable":true,"href":"https:\/\/easygrada.fr\/en\/wp-json\/wp\/v2\/comments?post=4942"}],"version-history":[{"count":7,"href":"https:\/\/easygrada.fr\/en\/wp-json\/wp\/v2\/pages\/4942\/revisions"}],"predecessor-version":[{"id":5002,"href":"https:\/\/easygrada.fr\/en\/wp-json\/wp\/v2\/pages\/4942\/revisions\/5002"}],"wp:attachment":[{"href":"https:\/\/easygrada.fr\/en\/wp-json\/wp\/v2\/media?parent=4942"}],"curies":[{"name":"wp","href":"https:\/\/api.w.org\/{rel}","templated":true}]}}