{"id":5047,"date":"2026-03-13T15:31:50","date_gmt":"2026-03-13T14:31:50","guid":{"rendered":"https:\/\/easygrada.fr\/?page_id=5047"},"modified":"2026-03-13T15:41:52","modified_gmt":"2026-03-13T14:41:52","slug":"logiciel-design-maillot-sport","status":"publish","type":"page","link":"https:\/\/easygrada.fr\/en\/logiciel-design-maillot-sport\/","title":{"rendered":"Sports jersey design software"},"content":{"rendered":"<div data-colibri-id=\"5047-c1\" class=\"style-2076 style-local-5047-c1 position-relative\">\n  <!---->\n  <div data-colibri-component=\"section\" data-colibri-id=\"5047-c2\" id=\"content\" class=\"h-section h-section-global-spacing d-flex align-items-lg-center align-items-md-center align-items-center style-2077 style-local-5047-c2 position-relative\">\n    <!---->\n    <!---->\n    <div class=\"h-section-grid-container h-section-boxed-container\">\n      <div data-colibri-id=\"5047-c19\" class=\"h-row-container gutters-row-lg-2 gutters-row-md-2 gutters-row-2 gutters-row-v-lg-2 gutters-row-v-md-2 gutters-row-v-2 style-2086 style-local-5047-c19 position-relative\">\n        <!---->\n        <div class=\"h-row justify-content-lg-center justify-content-md-center justify-content-center align-items-lg-stretch align-items-md-stretch align-items-stretch gutters-col-lg-2 gutters-col-md-2 gutters-col-2 gutters-col-v-lg-2 gutters-col-v-md-2 gutters-col-v-2\">\n          <!---->\n          <div class=\"h-column h-column-container d-flex h-col-lg-auto h-col-md-auto h-col-auto style-2087-outer style-local-5047-c20-outer\">\n            <div data-colibri-id=\"5047-c20\" class=\"d-flex h-flex-basis h-column__inner h-px-lg-2 h-px-md-2 h-px-0 v-inner-lg-2 v-inner-md-2 v-inner-0 style-2087 style-local-5047-c20 position-relative\">\n              <!---->\n              <!---->\n              <div class=\"w-100 h-y-container h-column__content h-column__v-align flex-basis-100 align-self-lg-start align-self-md-start align-self-start\">\n                <!---->\n                <div data-colibri-id=\"5047-c21\" class=\"h-global-transition-all h-heading style-2088 style-local-5047-c21 position-relative h-element\">\n                  <!---->\n                  <div class=\"h-heading__outer style-2088 style-local-5047-c21\">\n                    <!---->\n                    <!---->\n                    <h1 class=\"\">Sports jersey design software<\/h1>\n                  <\/div>\n                <\/div>\n                <div data-colibri-id=\"5047-c22\" class=\"h-lead h-text h-text-component style-2089 style-local-5047-c22 position-relative h-element\">\n                  <!---->\n                  <!---->\n                  <div class=\"\">\n                    <p>Software for designing and preparing sports jerseys<\/p>\n                  <\/div>\n                <\/div>\n              <\/div>\n            <\/div>\n          <\/div>\n        <\/div>\n      <\/div>\n      <div data-colibri-id=\"5047-c3\" class=\"h-row-container gutters-row-lg-2 gutters-row-md-2 gutters-row-2 gutters-row-v-lg-2 gutters-row-v-md-2 gutters-row-v-2 style-2078 style-local-5047-c3 position-relative\">\n        <!---->\n        <div class=\"h-row justify-content-lg-center justify-content-md-center justify-content-center align-items-lg-stretch align-items-md-stretch align-items-stretch gutters-col-lg-2 gutters-col-md-2 gutters-col-2 gutters-col-v-lg-2 gutters-col-v-md-2 gutters-col-v-2\">\n          <!---->\n          <div class=\"h-column h-column-container d-flex h-col-lg-4 h-col-md-4 h-col-12 style-2079-outer style-local-5047-c4-outer\">\n            <div data-colibri-id=\"5047-c4\" class=\"d-flex h-flex-basis h-column__inner h-px-lg-2 h-px-md-0 h-px-2 v-inner-lg-2 v-inner-md-0 v-inner-2 style-2079 style-local-5047-c4 position-relative\">\n              <!---->\n              <!---->\n              <div class=\"w-100 h-y-container h-column__content h-column__v-align flex-basis-100 align-self-lg-start align-self-md-start align-self-start\">\n                <!---->\n                <div data-colibri-id=\"5047-c5\" class=\"h-icon style-2080 style-local-5047-c5 position-relative h-element\">\n                  <!----><span class=\"h-svg-icon h-icon__icon style-2080-icon style-local-5047-c5-icon\"><!--Icon by Icons8 Line Awesome (https:\/\/icons8.com\/line-awesome)--><svg version=\"1.1\" xmlns=\"http:\/\/www.w3.org\/2000\/svg\" xmlns:xlink=\"http:\/\/www.w3.org\/1999\/xlink\" id=\"trophy\" viewbox=\"0 0 512 545.5\"><path d=\"M112 96c20.432 0 34.443 9.337 42 16h204c7.555-6.663 21.56-16 42-16 15.083 0 30.654 5.685 43 16.5s21 27.46 21 47.5c0 16.994-7.14 31.528-16 43s-19.62 20.576-29.5 29.5C398.74 250.35 384 265.032 384 288c0 2.425 2.392 8.33 5.5 13s6 7.5 6 7.5l-23 22.5s-5.108-5.153-10-12.5c-4.311-6.477-8.906-14.99-10-26-1.953 5.507-3.92 11.184-6 16.5-11.1 28.352-23.64 53.894-38 73-5.23 6.958-10.972 13.176-17 18.5 33.533 1.856 60.5 29.53 60.5 63.5v16H160v-16c0-33.637 26.426-61.153 59.5-63.5-5.94-5.323-11.29-11.523-16.5-18.5-14.305-19.16-26.972-44.61-38-73-1.937-4.986-3.678-10.343-5.5-15.5-1.273 10.537-5.815 18.715-10 25-4.892 7.347-10 12.5-10 12.5l-23-22.5s2.892-2.83 6-7.5 5.5-10.575 5.5-13c0-22.968-14.74-37.65-34.5-55.5-9.88-8.924-20.64-18.028-29.5-29.5s-16-26.006-16-43c0-20.04 8.654-36.685 21-47.5S96.917 96 112 96zm0 32c-6.95 0-15.354 3.115-21.5 8.5S80 148.84 80 160c0 8.687 2.86 15.552 9 23.5s15.38 16.36 25.5 25.5c9.348 8.442 19.993 17.985 28.5 29.5-8.924-36.36-14.548-73.38-15-106-3.553-2.116-8.42-4.5-16-4.5zm288 0c-7.59 0-12.45 2.384-16 4.5-.467 33.078-6.308 70.397-15.5 107 8.62-11.907 19.416-21.844 29-30.5 10.12-9.14 19.36-17.552 25.5-25.5s9-14.813 9-23.5c0-11.16-4.354-18.115-10.5-23.5S406.95 128 400 128zm-238 16c2.438 47.307 14.357 105.51 33 153.5 10.315 26.556 22.414 49.48 34 65s21.802 21.5 26.5 21.5c4.73 0 15.37-6.026 27-21.5s23.62-38.488 34-65c18.77-47.94 31.053-105.953 33.5-153.5H162zm78 48h32v80h-32v-80zm-16 240c-11.48 0-19.36 7.09-25 16h114c-5.64-8.91-13.52-16-25-16h-64z\"><\/path><\/svg><\/span><\/div>\n                <div\n                  data-colibri-id=\"5047-c6\" class=\"h-global-transition-all h-heading style-2081 style-local-5047-c6 position-relative h-element\">\n                  <!---->\n                  <div class=\"h-heading__outer style-2081 style-local-5047-c6\">\n                    <!---->\n                    <!---->\n                    <h4 class=\"\">Custom sports jersey creation<\/h4>\n                  <\/div>\n              <\/div>\n              <div data-colibri-id=\"5047-c7\" class=\"h-text h-text-component style-2082 style-local-5047-c7 position-relative h-element\">\n                <!---->\n                <!---->\n                <div class=\"\">\n                  <p>EasyGrada allows you to easily create and prepare custom sports jerseys for textile sublimation printing. Import your designs, adjust colors, logos, and sponsors, and quickly produce professional-quality sportswear.<\/p>\n                <\/div>\n              <\/div>\n            <\/div>\n          <\/div>\n        <\/div>\n        <div class=\"h-column h-column-container d-flex h-col-lg-4 h-col-md-4 h-col-12 style-2079-outer style-local-5047-c8-outer\">\n          <div data-colibri-id=\"5047-c8\" class=\"d-flex h-flex-basis h-column__inner h-px-lg-2 h-px-md-0 h-px-2 v-inner-lg-2 v-inner-md-0 v-inner-2 style-2079 style-local-5047-c8 position-relative\">\n            <!---->\n            <!---->\n            <div class=\"w-100 h-y-container h-column__content h-column__v-align flex-basis-100 align-self-lg-start align-self-md-start align-self-start\">\n              <!---->\n              <div data-colibri-id=\"5047-c9\" class=\"h-icon style-2080 style-local-5047-c9 position-relative h-element\">\n                <!----><span class=\"h-svg-icon h-icon__icon style-2080-icon style-local-5047-c9-icon\"><!--Icon by Icons8 Line Awesome (https:\/\/icons8.com\/line-awesome)--><svg version=\"1.1\" xmlns=\"http:\/\/www.w3.org\/2000\/svg\" xmlns:xlink=\"http:\/\/www.w3.org\/1999\/xlink\" id=\"certificate\" viewbox=\"0 0 512 545.5\"><path d=\"M256 80c9.983 0 19.968 3.405 28.5 9.5L311 108l30 4h.5c21.032 2.554 37.638 19.561 40.5 40.5.053.387.457.61.5 1h-.5l6 30 18.5 26.5c12.19 17.064 11.676 39.618.5 57.5v.5l-.5.5L388 295l-4 30 50 76 16.5 24.5H374l-18.5 43L344 496l-16.5-25-50.5-76c-13.095 6.064-28.457 5.585-42 0l-50.5 76-16.5 25-11.5-27.5-18.5-43H61.5L78 401l51.5-78.5-5-27.5-19-26.5c-12.19-17.064-11.676-40.118-.5-58v-.5l.5-.5 18.5-24 4-31v-.5l.5-.5c4.534-20.402 20.598-36.466 41-41l.5-.5h.5l30.5-4 26.5-18.5c8.532-6.095 18.517-9.5 28.5-9.5zm0 32.5c-3.666 0-7.332 1.095-10 3L217.5 136l-3.5 2.5-4 .5-33.5 4.5c-.247.055-.257.438-.5.5-7.79 2.005-13.995 8.21-16 16-.063.243-.445.253-.5.5L155 194l-.5 4.5-2.5 3-20 26c-4.824 7.72-4.31 17.165-.5 22.5l20.5 28.5 2.5 3 .5 4 6.5 36.5v1c.246 2.212 1.006 4.255 2 6 2.224 3.903 6.053 6.45 11 7h.5l35 5 4.5.5 3 2.5 26 20c7.72 4.824 17.165 4.31 22.5.5l28.5-20.5 3-2.5 4-.5 36.5-6.5h1c4.002-.444 7.192-2.272 9.5-5v-.5l1-.5c1.337-1.955 2.207-4.365 2.5-7v-.5l5-35 .5-4 2.5-3.5 20-28c4.824-7.72 4.31-16.665.5-22L360 200l-2.5-3-.5-3.5-6.5-35.5v-1c-.796-7.16-5.84-12.204-13-13h-.5l-35-5-4-.5-3.5-2.5-28.5-20.5c-2.668-1.905-6.334-3-10-3zM366.5 356c-6.544 5.165-14.402 8.824-23 10-.387.053-.61.457-1 .5v-.5l-31.5 5.5-7.5 5.5 34 52 11-25.5 4-10H391zm-221 .5l-24.5 37h38.5l4 10 11 25.5 34-51.5-7-5.5-30.5-4c-.157-.018-.343.02-.5 0-9.517-1.155-18.16-5.4-25-11.5z\"><\/path><\/svg><\/span><\/div>\n              <div\n                data-colibri-id=\"5047-c10\" class=\"h-global-transition-all h-heading style-2081 style-local-5047-c10 position-relative h-element\">\n                <!---->\n                <div class=\"h-heading__outer style-2081 style-local-5047-c10\">\n                  <!---->\n                  <!---->\n                  <h4 class=\"\">Sublimation printing file preparation<\/h4>\n                <\/div>\n            <\/div>\n            <div data-colibri-id=\"5047-c11\" class=\"h-text h-text-component style-2082 style-local-5047-c11 position-relative h-element\">\n              <!---->\n              <!---->\n              <div class=\"\">\n                <p>The software simplifies the preparation of files for sublimation printing. Jersey panels, logos, and graphic elements are automatically organized to ensure precise results during textile production.<\/p>\n              <\/div>\n            <\/div>\n          <\/div>\n        <\/div>\n      <\/div>\n      <div class=\"h-column h-column-container d-flex h-col-lg-4 h-col-md-4 h-col-12 style-2079-outer style-local-5047-c12-outer\">\n        <div data-colibri-id=\"5047-c12\" class=\"d-flex h-flex-basis h-column__inner h-px-lg-2 h-px-md-0 h-px-2 v-inner-lg-2 v-inner-md-0 v-inner-2 style-2079 style-local-5047-c12 position-relative\">\n          <!---->\n          <!---->\n          <div class=\"w-100 h-y-container h-column__content h-column__v-align flex-basis-100 align-self-lg-start align-self-md-start align-self-start\">\n            <!---->\n            <div data-colibri-id=\"5047-c13\" class=\"h-icon style-2080 style-local-5047-c13 position-relative h-element\">\n              <!----><span class=\"h-svg-icon h-icon__icon style-2080-icon style-local-5047-c13-icon\"><!--Icon by Icons8 Line Awesome (https:\/\/icons8.com\/line-awesome)--><svg version=\"1.1\" xmlns=\"http:\/\/www.w3.org\/2000\/svg\" xmlns:xlink=\"http:\/\/www.w3.org\/1999\/xlink\" id=\"area-chart\" viewbox=\"0 0 512 545.5\"><path d=\"M448 97v383H64V204.5l19 4 73 14.5 91-60.5 5.5-3.5 6 1 89.5 15 74-58zm-32 65.5l-54 42-5.5 4.5-7-1-90-15-90.5 60.5-5.5 3.5-6.5-1.5-61-12V309l62 25 89-59.5 6.5-4 7.5 2.5 87.5 29 67.5-53.5v-86zm0 127l-54 43-7 5.5-8-3-88-29.5-90 60-7 4.5-8-3-58-23v104h320V289.5z\"><\/path><\/svg><\/span><\/div>\n            <div\n              data-colibri-id=\"5047-c14\" class=\"h-global-transition-all h-heading style-2081 style-local-5047-c14 position-relative h-element\">\n              <!---->\n              <div class=\"h-heading__outer style-2081 style-local-5047-c14\">\n                <!---->\n                <!---->\n                <h4 class=\"\">Optimize sports jersey production<\/h4>\n              <\/div>\n          <\/div>\n          <div data-colibri-id=\"5047-c15\" class=\"h-text h-text-component style-2082 style-local-5047-c15 position-relative h-element\">\n            <!---->\n            <!---->\n            <div class=\"\">\n              <p>Easygrada helps textile workshops and sportswear manufacturers speed up the production of custom jerseys. Thanks to workflow automation, files are ready faster, and preparation errors are minimized.<\/p>\n            <\/div>\n          <\/div>\n        <\/div>\n      <\/div>\n    <\/div>\n  <\/div>\n<\/div>\n<div data-colibri-id=\"5047-c16\" class=\"h-row-container gutters-row-lg-2 gutters-row-md-2 gutters-row-2 gutters-row-v-lg-2 gutters-row-v-md-2 gutters-row-v-2 style-2083 style-local-5047-c16 position-relative\">\n  <!---->\n  <div class=\"h-row justify-content-lg-center justify-content-md-center justify-content-center align-items-lg-stretch align-items-md-stretch align-items-stretch gutters-col-lg-2 gutters-col-md-2 gutters-col-2 gutters-col-v-lg-2 gutters-col-v-md-2 gutters-col-v-2\">\n    <!---->\n    <div class=\"h-column h-column-container d-flex h-col-lg-auto h-col-md-auto h-col-auto style-2084-outer style-local-5047-c17-outer\">\n      <div data-colibri-id=\"5047-c17\" class=\"d-flex h-flex-basis h-column__inner h-px-lg-0 h-px-md-0 h-px-0 v-inner-lg-0 v-inner-md-0 v-inner-0 style-2084 style-local-5047-c17 position-relative\">\n        <!---->\n        <!---->\n        <div class=\"w-100 h-y-container h-column__content h-column__v-align flex-basis-100 align-self-lg-start align-self-md-start align-self-start\">\n          <!---->\n          <div data-colibri-id=\"5047-c18\" class=\"d-block style-2085 style-local-5047-c18 position-relative h-element\">\n            <!---->\n            <div class=\"h-image__frame-container-outer\">\n              <div class=\"h-image__frame-container\">\n                <!---->\n                <!---->\n                <img loading=\"lazy\" decoding=\"async\" width=\"1250\" height=\"704\" src=\"https:\/\/easygrada.fr\/wp-content\/uploads\/2026\/03\/cropped-EASYGRADA-GAIN-DE-TEMPS-avec-et-sans-EG.jpg\" class=\"wp-image-5051 style-2085-image style-local-5047-c18-image\" alt=\"\" srcset=\"https:\/\/easygrada.fr\/wp-content\/uploads\/2026\/03\/cropped-EASYGRADA-GAIN-DE-TEMPS-avec-et-sans-EG.jpg 1250w, https:\/\/easygrada.fr\/wp-content\/uploads\/2026\/03\/cropped-EASYGRADA-GAIN-DE-TEMPS-avec-et-sans-EG-300x169.jpg 300w, https:\/\/easygrada.fr\/wp-content\/uploads\/2026\/03\/cropped-EASYGRADA-GAIN-DE-TEMPS-avec-et-sans-EG-1024x577.jpg 1024w, https:\/\/easygrada.fr\/wp-content\/uploads\/2026\/03\/cropped-EASYGRADA-GAIN-DE-TEMPS-avec-et-sans-EG-768x433.jpg 768w, https:\/\/easygrada.fr\/wp-content\/uploads\/2026\/03\/cropped-EASYGRADA-GAIN-DE-TEMPS-avec-et-sans-EG-18x10.jpg 18w\" sizes=\"auto, (max-width: 1250px) 100vw, 1250px\" \/>\n                <div class=\"h-image__frame h-hide-lg h-hide-md h-hide-sm style-2085-frameImage style-local-5047-c18-frameImage\"><\/div>\n              <\/div>\n            <\/div>\n          <\/div>\n        <\/div>\n      <\/div>\n    <\/div>\n  <\/div>\n<\/div>\n<\/div>\n<\/div>\n<\/div>","protected":false},"excerpt":{"rendered":"<p>Logiciel design maillot sport Logiciel pour cr\u00e9er et pr\u00e9parer des maillots de sport Cr\u00e9ation de maillots de sport personnalis\u00e9s Easygrada permet de cr\u00e9er et pr\u00e9parer facilement des maillots de sport personnalis\u00e9s pour la sublimation textile. Importez vos designs, adaptez les couleurs, les logos et les sponsors pour produire rapidement des v\u00eatements sportifs professionnels. Pr\u00e9paration des [&hellip;]<\/p>\n","protected":false},"author":1,"featured_media":0,"parent":0,"menu_order":0,"comment_status":"closed","ping_status":"closed","template":"page-templates\/full-width-page.php","meta":{"footnotes":""},"class_list":["post-5047","page","type-page","status-publish","hentry"],"yoast_head":"<!-- This site is optimized with the Yoast SEO plugin v27.4 - https:\/\/yoast.com\/product\/yoast-seo-wordpress\/ -->\n<title>Logiciel design maillot sport - Sublimation textile<\/title>\n<meta name=\"robots\" content=\"index, follow, max-snippet:-1, max-image-preview:large, max-video-preview:-1\" \/>\n<link rel=\"canonical\" href=\"https:\/\/easygrada.fr\/en\/logiciel-design-maillot-sport\/\" \/>\n<meta property=\"og:locale\" content=\"en_GB\" \/>\n<meta property=\"og:type\" content=\"article\" \/>\n<meta property=\"og:title\" content=\"Logiciel design maillot sport - Sublimation textile\" \/>\n<meta property=\"og:description\" content=\"Logiciel design maillot sport Logiciel pour cr\u00e9er et pr\u00e9parer des maillots de sport Cr\u00e9ation de maillots de sport personnalis\u00e9s Easygrada permet de cr\u00e9er et pr\u00e9parer facilement des maillots de sport personnalis\u00e9s pour la sublimation textile. Importez vos designs, adaptez les couleurs, les logos et les sponsors pour produire rapidement des v\u00eatements sportifs professionnels. Pr\u00e9paration des [&hellip;]\" \/>\n<meta property=\"og:url\" content=\"https:\/\/easygrada.fr\/en\/logiciel-design-maillot-sport\/\" \/>\n<meta property=\"og:site_name\" content=\"Sublimation textile\" \/>\n<meta property=\"article:modified_time\" content=\"2026-03-13T14:41:52+00:00\" \/>\n<meta property=\"og:image\" content=\"https:\/\/easygrada.fr\/wp-content\/uploads\/2026\/03\/cropped-EASYGRADA-GAIN-DE-TEMPS-avec-et-sans-EG.jpg\" \/>\n\t<meta property=\"og:image:width\" content=\"1250\" \/>\n\t<meta property=\"og:image:height\" content=\"704\" \/>\n\t<meta property=\"og:image:type\" content=\"image\/jpeg\" \/>\n<meta name=\"twitter:card\" content=\"summary_large_image\" \/>\n<script type=\"application\/ld+json\" class=\"yoast-schema-graph\">{\"@context\":\"https:\\\/\\\/schema.org\",\"@graph\":[{\"@type\":\"WebPage\",\"@id\":\"https:\\\/\\\/easygrada.fr\\\/logiciel-design-maillot-sport\\\/\",\"url\":\"https:\\\/\\\/easygrada.fr\\\/logiciel-design-maillot-sport\\\/\",\"name\":\"Logiciel design maillot sport - Sublimation textile\",\"isPartOf\":{\"@id\":\"https:\\\/\\\/easygrada.fr\\\/#website\"},\"primaryImageOfPage\":{\"@id\":\"https:\\\/\\\/easygrada.fr\\\/logiciel-design-maillot-sport\\\/#primaryimage\"},\"image\":{\"@id\":\"https:\\\/\\\/easygrada.fr\\\/logiciel-design-maillot-sport\\\/#primaryimage\"},\"thumbnailUrl\":\"https:\\\/\\\/easygrada.fr\\\/wp-content\\\/uploads\\\/2026\\\/03\\\/cropped-EASYGRADA-GAIN-DE-TEMPS-avec-et-sans-EG.jpg\",\"datePublished\":\"2026-03-13T14:31:50+00:00\",\"dateModified\":\"2026-03-13T14:41:52+00:00\",\"breadcrumb\":{\"@id\":\"https:\\\/\\\/easygrada.fr\\\/logiciel-design-maillot-sport\\\/#breadcrumb\"},\"inLanguage\":\"en-GB\",\"potentialAction\":[{\"@type\":\"ReadAction\",\"target\":[\"https:\\\/\\\/easygrada.fr\\\/logiciel-design-maillot-sport\\\/\"]}]},{\"@type\":\"ImageObject\",\"inLanguage\":\"en-GB\",\"@id\":\"https:\\\/\\\/easygrada.fr\\\/logiciel-design-maillot-sport\\\/#primaryimage\",\"url\":\"https:\\\/\\\/easygrada.fr\\\/wp-content\\\/uploads\\\/2026\\\/03\\\/cropped-EASYGRADA-GAIN-DE-TEMPS-avec-et-sans-EG.jpg\",\"contentUrl\":\"https:\\\/\\\/easygrada.fr\\\/wp-content\\\/uploads\\\/2026\\\/03\\\/cropped-EASYGRADA-GAIN-DE-TEMPS-avec-et-sans-EG.jpg\"},{\"@type\":\"BreadcrumbList\",\"@id\":\"https:\\\/\\\/easygrada.fr\\\/logiciel-design-maillot-sport\\\/#breadcrumb\",\"itemListElement\":[{\"@type\":\"ListItem\",\"position\":1,\"name\":\"Accueil\",\"item\":\"https:\\\/\\\/easygrada.fr\\\/\"},{\"@type\":\"ListItem\",\"position\":2,\"name\":\"Logiciel design maillot sport\"}]},{\"@type\":\"WebSite\",\"@id\":\"https:\\\/\\\/easygrada.fr\\\/#website\",\"url\":\"https:\\\/\\\/easygrada.fr\\\/\",\"name\":\"EasyGrada\",\"description\":\"Automatisez la Sublimation facilement\",\"publisher\":{\"@id\":\"https:\\\/\\\/easygrada.fr\\\/#organization\"},\"alternateName\":\"Gradation Facile\",\"potentialAction\":[{\"@type\":\"SearchAction\",\"target\":{\"@type\":\"EntryPoint\",\"urlTemplate\":\"https:\\\/\\\/easygrada.fr\\\/?s={search_term_string}\"},\"query-input\":{\"@type\":\"PropertyValueSpecification\",\"valueRequired\":true,\"valueName\":\"search_term_string\"}}],\"inLanguage\":\"en-GB\"},{\"@type\":\"Organization\",\"@id\":\"https:\\\/\\\/easygrada.fr\\\/#organization\",\"name\":\"EasyGrada\",\"url\":\"https:\\\/\\\/easygrada.fr\\\/\",\"logo\":{\"@type\":\"ImageObject\",\"inLanguage\":\"en-GB\",\"@id\":\"https:\\\/\\\/easygrada.fr\\\/#\\\/schema\\\/logo\\\/image\\\/\",\"url\":\"https:\\\/\\\/easygrada.fr\\\/wp-content\\\/uploads\\\/2024\\\/04\\\/LOGO-EASYGRADA.png\",\"contentUrl\":\"https:\\\/\\\/easygrada.fr\\\/wp-content\\\/uploads\\\/2024\\\/04\\\/LOGO-EASYGRADA.png\",\"width\":129,\"height\":118,\"caption\":\"EasyGrada\"},\"image\":{\"@id\":\"https:\\\/\\\/easygrada.fr\\\/#\\\/schema\\\/logo\\\/image\\\/\"}}]}<\/script>\n<!-- \/ Yoast SEO plugin. -->","yoast_head_json":{"title":"Logiciel design maillot sport - Sublimation textile","robots":{"index":"index","follow":"follow","max-snippet":"max-snippet:-1","max-image-preview":"max-image-preview:large","max-video-preview":"max-video-preview:-1"},"canonical":"https:\/\/easygrada.fr\/en\/logiciel-design-maillot-sport\/","og_locale":"en_GB","og_type":"article","og_title":"Logiciel design maillot sport - Sublimation textile","og_description":"Logiciel design maillot sport Logiciel pour cr\u00e9er et pr\u00e9parer des maillots de sport Cr\u00e9ation de maillots de sport personnalis\u00e9s Easygrada permet de cr\u00e9er et pr\u00e9parer facilement des maillots de sport personnalis\u00e9s pour la sublimation textile. Importez vos designs, adaptez les couleurs, les logos et les sponsors pour produire rapidement des v\u00eatements sportifs professionnels. Pr\u00e9paration des [&hellip;]","og_url":"https:\/\/easygrada.fr\/en\/logiciel-design-maillot-sport\/","og_site_name":"Sublimation textile","article_modified_time":"2026-03-13T14:41:52+00:00","og_image":[{"width":1250,"height":704,"url":"https:\/\/easygrada.fr\/wp-content\/uploads\/2026\/03\/cropped-EASYGRADA-GAIN-DE-TEMPS-avec-et-sans-EG.jpg","type":"image\/jpeg"}],"twitter_card":"summary_large_image","schema":{"@context":"https:\/\/schema.org","@graph":[{"@type":"WebPage","@id":"https:\/\/easygrada.fr\/logiciel-design-maillot-sport\/","url":"https:\/\/easygrada.fr\/logiciel-design-maillot-sport\/","name":"Logiciel design maillot sport - Sublimation textile","isPartOf":{"@id":"https:\/\/easygrada.fr\/#website"},"primaryImageOfPage":{"@id":"https:\/\/easygrada.fr\/logiciel-design-maillot-sport\/#primaryimage"},"image":{"@id":"https:\/\/easygrada.fr\/logiciel-design-maillot-sport\/#primaryimage"},"thumbnailUrl":"https:\/\/easygrada.fr\/wp-content\/uploads\/2026\/03\/cropped-EASYGRADA-GAIN-DE-TEMPS-avec-et-sans-EG.jpg","datePublished":"2026-03-13T14:31:50+00:00","dateModified":"2026-03-13T14:41:52+00:00","breadcrumb":{"@id":"https:\/\/easygrada.fr\/logiciel-design-maillot-sport\/#breadcrumb"},"inLanguage":"en-GB","potentialAction":[{"@type":"ReadAction","target":["https:\/\/easygrada.fr\/logiciel-design-maillot-sport\/"]}]},{"@type":"ImageObject","inLanguage":"en-GB","@id":"https:\/\/easygrada.fr\/logiciel-design-maillot-sport\/#primaryimage","url":"https:\/\/easygrada.fr\/wp-content\/uploads\/2026\/03\/cropped-EASYGRADA-GAIN-DE-TEMPS-avec-et-sans-EG.jpg","contentUrl":"https:\/\/easygrada.fr\/wp-content\/uploads\/2026\/03\/cropped-EASYGRADA-GAIN-DE-TEMPS-avec-et-sans-EG.jpg"},{"@type":"BreadcrumbList","@id":"https:\/\/easygrada.fr\/logiciel-design-maillot-sport\/#breadcrumb","itemListElement":[{"@type":"ListItem","position":1,"name":"Accueil","item":"https:\/\/easygrada.fr\/"},{"@type":"ListItem","position":2,"name":"Logiciel design maillot sport"}]},{"@type":"WebSite","@id":"https:\/\/easygrada.fr\/#website","url":"https:\/\/easygrada.fr\/","name":"EasyGrada","description":"Automatisez la Sublimation facilement","publisher":{"@id":"https:\/\/easygrada.fr\/#organization"},"alternateName":"Gradation Facile","potentialAction":[{"@type":"SearchAction","target":{"@type":"EntryPoint","urlTemplate":"https:\/\/easygrada.fr\/?s={search_term_string}"},"query-input":{"@type":"PropertyValueSpecification","valueRequired":true,"valueName":"search_term_string"}}],"inLanguage":"en-GB"},{"@type":"Organization","@id":"https:\/\/easygrada.fr\/#organization","name":"EasyGrada","url":"https:\/\/easygrada.fr\/","logo":{"@type":"ImageObject","inLanguage":"en-GB","@id":"https:\/\/easygrada.fr\/#\/schema\/logo\/image\/","url":"https:\/\/easygrada.fr\/wp-content\/uploads\/2024\/04\/LOGO-EASYGRADA.png","contentUrl":"https:\/\/easygrada.fr\/wp-content\/uploads\/2024\/04\/LOGO-EASYGRADA.png","width":129,"height":118,"caption":"EasyGrada"},"image":{"@id":"https:\/\/easygrada.fr\/#\/schema\/logo\/image\/"}}]}},"jetpack_sharing_enabled":true,"_links":{"self":[{"href":"https:\/\/easygrada.fr\/en\/wp-json\/wp\/v2\/pages\/5047","targetHints":{"allow":["GET"]}}],"collection":[{"href":"https:\/\/easygrada.fr\/en\/wp-json\/wp\/v2\/pages"}],"about":[{"href":"https:\/\/easygrada.fr\/en\/wp-json\/wp\/v2\/types\/page"}],"author":[{"embeddable":true,"href":"https:\/\/easygrada.fr\/en\/wp-json\/wp\/v2\/users\/1"}],"replies":[{"embeddable":true,"href":"https:\/\/easygrada.fr\/en\/wp-json\/wp\/v2\/comments?post=5047"}],"version-history":[{"count":3,"href":"https:\/\/easygrada.fr\/en\/wp-json\/wp\/v2\/pages\/5047\/revisions"}],"predecessor-version":[{"id":5067,"href":"https:\/\/easygrada.fr\/en\/wp-json\/wp\/v2\/pages\/5047\/revisions\/5067"}],"wp:attachment":[{"href":"https:\/\/easygrada.fr\/en\/wp-json\/wp\/v2\/media?parent=5047"}],"curies":[{"name":"wp","href":"https:\/\/api.w.org\/{rel}","templated":true}]}}