{"id":2044,"date":"2020-04-14T09:44:30","date_gmt":"2020-04-14T09:44:30","guid":{"rendered":"https:\/\/colibriwp-work.colibriwp.com\/coworking-space-pro\/?page_id=2044"},"modified":"2026-04-02T07:31:56","modified_gmt":"2026-04-02T05:31:56","slug":"pricing","status":"publish","type":"page","link":"https:\/\/easygrada.fr\/pricing\/","title":{"rendered":"PRIX"},"content":{"rendered":"<div data-colibri-id=\"2044-c1\" class=\"style-1077 style-local-2044-c1 position-relative\">\n  <!---->\n  <div data-colibri-component=\"section\" data-colibri-id=\"2044-c29\" id=\"about\" class=\"h-section h-section-global-spacing d-flex align-items-lg-center align-items-md-center align-items-center style-2175 style-local-2044-c29 position-relative\">\n    <!---->\n    <!---->\n    <div class=\"h-section-grid-container h-section-boxed-container\">\n      <!---->\n      <div data-colibri-id=\"2044-c30\" class=\"h-row-container gutters-row-lg-2 gutters-row-md-2 gutters-row-2 gutters-row-v-lg-2 gutters-row-v-md-2 gutters-row-v-2 style-2176 style-local-2044-c30 position-relative\">\n        <!---->\n        <div class=\"h-row justify-content-lg-center justify-content-md-center justify-content-center align-items-lg-stretch align-items-md-stretch align-items-stretch gutters-col-lg-2 gutters-col-md-2 gutters-col-2 gutters-col-v-lg-2 gutters-col-v-md-2 gutters-col-v-2\">\n          <!---->\n          <div class=\"h-column h-column-container d-flex h-col-lg-auto h-col-md-auto h-col-auto style-2177-outer style-local-2044-c31-outer\">\n            <div data-colibri-id=\"2044-c31\" class=\"d-flex h-flex-basis h-column__inner h-px-lg-2 h-px-md-2 h-px-2 v-inner-lg-2 v-inner-md-2 v-inner-2 style-2177 style-local-2044-c31 position-relative\">\n              <!---->\n              <!---->\n              <div class=\"w-100 h-y-container h-column__content h-column__v-align flex-basis-100 align-self-lg-center align-self-md-center align-self-center\">\n                <!---->\n                <div data-colibri-id=\"2044-c33\" class=\"h-global-transition-all h-heading style-2179 style-local-2044-c33 position-relative h-element\">\n                  <!---->\n                  <div class=\"h-heading__outer style-2179 style-local-2044-c33\">\n                    <!---->\n                    <!---->\n                    <h2 class=\"\">Calculez vos&nbsp;<em style=\"color: rgb(247, 144, 7); font-family: Playfair Display;\">\u00e9conomies<\/em>&nbsp;en\n                      <br>&nbsp;<em style=\"color: rgb(247, 144, 7); font-family: Playfair Display;\">production<\/em> textile<\/h2>\n                  <\/div>\n                <\/div>\n                <div data-colibri-id=\"2044-c34\" class=\"h-text h-text-component style-2180 style-local-2044-c34 position-relative h-element\">\n                  <!---->\n                  <!---->\n                  <div class=\"\">\n                    <p>Calculez pr\u00e9cis\u00e9ment vos \u00e9conomies sur la main-d\u2019\u0153uvre, les erreurs de production et l\u2019optimisation mati\u00e8re (tissu &amp; papier).<\/p>\n                    <p>En quelques clics, visualisez votre retour sur investissement et identifiez les leviers de performance pour votre atelier de sublimation ou de confection.<\/p>\n                  <\/div>\n                <\/div>\n                <div data-colibri-id=\"2044-c35\" class=\"h-x-container style-2181 style-local-2044-c35 position-relative h-element\">\n                  <!---->\n                  <div class=\"h-x-container-inner style-dynamic-2044-c35-group style-2181-spacing style-local-2044-c35-spacing\"><span class=\"h-button__outer style-2182-outer style-local-2044-c36-outer d-inline-flex h-element\"><a h-use-smooth-scroll=\"true\" href=\"https:\/\/easygrada.fr\/wp-content\/uploads\/2026\/04\/easygrada-roi-simulator.html\"  data-colibri-id=\"2044-c36\" class=\"d-flex w-100 align-items-center h-button justify-content-lg-center justify-content-md-center justify-content-center style-2182 style-local-2044-c36 position-relative\"><!----><!----> <span>Lancer le simulateur<\/span><\/a>\n                    <\/span>\n                  <\/div>\n                <\/div>\n              <\/div>\n            <\/div>\n          <\/div>\n          <div class=\"h-column h-column-container d-flex h-col-lg-auto h-col-md-auto h-col-auto style-2183-outer style-local-2044-c37-outer\">\n            <div data-colibri-id=\"2044-c37\" class=\"d-flex h-flex-basis h-column__inner h-ui-empty-state-container h-px-lg-2 h-px-md-2 h-px-2 v-inner-lg-2 v-inner-md-2 v-inner-2 style-2183 style-local-2044-c37 position-relative\">\n              <!---->\n              <!---->\n              <div class=\"w-100 h-y-container h-column__content h-column__v-align flex-basis-100\">\n                <!---->\n              <\/div>\n            <\/div>\n          <\/div>\n        <\/div>\n      <\/div>\n    <\/div>\n  <\/div>\n  <div data-colibri-component=\"section\" data-colibri-id=\"2044-c2\" id=\"cta\" class=\"h-section h-section-global-spacing d-flex align-items-lg-center align-items-md-center align-items-center style-1900 style-local-2044-c2 position-relative\">\n    <!---->\n    <!---->\n    <div class=\"h-section-grid-container h-section-boxed-container\">\n      <!---->\n      <div data-colibri-id=\"2044-c3\" class=\"h-row-container gutters-row-lg-2 gutters-row-md-2 gutters-row-2 gutters-row-v-lg-2 gutters-row-v-md-2 gutters-row-v-2 style-1901 style-local-2044-c3 position-relative\">\n        <!---->\n        <div class=\"h-row justify-content-lg-center justify-content-md-center justify-content-center align-items-lg-stretch align-items-md-stretch align-items-stretch gutters-col-lg-2 gutters-col-md-2 gutters-col-2 gutters-col-v-lg-2 gutters-col-v-md-2 gutters-col-v-2\">\n          <!---->\n          <div class=\"h-column h-column-container d-flex h-col-lg-auto h-col-md-auto h-col-auto style-1902-outer style-local-2044-c4-outer\">\n            <div data-colibri-id=\"2044-c4\" class=\"d-flex h-flex-basis h-column__inner h-px-lg-2 h-px-md-2 h-px-2 v-inner-lg-2 v-inner-md-2 v-inner-2 style-1902 style-local-2044-c4 position-relative\">\n              <!---->\n              <!---->\n              <div class=\"w-100 h-y-container h-column__content h-column__v-align flex-basis-100 align-self-lg-start align-self-md-start align-self-start\">\n                <!---->\n                <div data-colibri-id=\"2044-c5\" class=\"h-row-container gutters-row-lg-0 gutters-row-md-0 gutters-row-0 gutters-row-v-lg-0 gutters-row-v-md-0 gutters-row-v-0 style-1903 style-local-2044-c5 position-relative\">\n                  <!---->\n                  <div class=\"h-row justify-content-lg-center justify-content-md-center justify-content-center align-items-lg-stretch align-items-md-stretch align-items-stretch gutters-col-lg-0 gutters-col-md-0 gutters-col-0 gutters-col-v-lg-0 gutters-col-v-md-0 gutters-col-v-0\">\n                    <!---->\n                    <div class=\"h-column h-column-container d-flex h-col-lg-auto h-col-md-auto h-col-auto style-1904-outer style-local-2044-c6-outer\">\n                      <div data-colibri-id=\"2044-c6\" class=\"d-flex h-flex-basis h-column__inner h-ui-empty-state-container h-px-lg-0 h-px-md-0 h-px-0 v-inner-lg-0 v-inner-md-0 v-inner-0 style-1904 style-local-2044-c6 position-relative\">\n                        <div class=\"background-wrapper\">\n                          <div class=\"background-layer background-layer-media-container-lg\">\n                            <!---->\n                            <div class=\"overlay-layer\">\n                              <div class=\"overlay-image-layer\" style=\"background-image: linear-gradient(10deg, rgba(255, 255, 255, 0) 0%, rgb(255, 255, 255) 100%);\"><\/div>\n                            <\/div>\n                          <\/div>\n                          <div class=\"background-layer background-layer-media-container-md\">\n                            <!---->\n                            <div class=\"overlay-layer\">\n                              <div class=\"overlay-image-layer\" style=\"background-image: linear-gradient(10deg, rgba(255, 255, 255, 0) 0%, rgb(255, 255, 255) 100%);\"><\/div>\n                            <\/div>\n                          <\/div>\n                          <div class=\"background-layer background-layer-media-container\">\n                            <!---->\n                            <div class=\"overlay-layer\">\n                              <div class=\"overlay-image-layer\" style=\"background-image: linear-gradient(10deg, rgba(255, 255, 255, 0) 0%, rgb(255, 255, 255) 100%);\"><\/div>\n                            <\/div>\n                          <\/div>\n                        <\/div>\n                        <!---->\n                        <div class=\"w-100 h-y-container h-column__content h-column__v-align flex-basis-100\">\n                          <!---->\n                        <\/div>\n                      <\/div>\n                    <\/div>\n                    <div class=\"h-column h-column-container d-flex h-col-lg-auto h-col-md-auto h-col-auto style-1905-outer style-local-2044-c7-outer\">\n                      <div data-colibri-id=\"2044-c7\" class=\"d-flex h-flex-basis h-column__inner h-px-lg-2 h-px-md-2 h-px-2 v-inner-lg-2 v-inner-md-2 v-inner-2 style-1905 style-local-2044-c7 position-relative\">\n                        <!---->\n                        <!---->\n                        <div class=\"w-100 h-y-container h-column__content h-column__v-align flex-basis-100 align-self-lg-center align-self-md-center align-self-center\">\n                          <!---->\n                          <div data-colibri-id=\"2044-c8\" class=\"h-global-transition-all h-heading style-1906 style-local-2044-c8 position-relative h-element\">\n                            <!---->\n                            <div class=\"h-heading__outer style-1906 style-local-2044-c8\">\n                              <!---->\n                              <!---->\n                              <h2 class=\"\">Tarifs d&rsquo;EasyGrada<\/h2>\n                            <\/div>\n                          <\/div>\n                          <div data-colibri-id=\"2044-c9\" class=\"h-lead h-text h-text-component style-1907 style-local-2044-c9 position-relative h-element\">\n                            <!---->\n                            <!---->\n                            <div class=\"\">\n                              <p> Easygrada ne doit pas vous convaincre par le discours, mais par les r\u00e9sultats.<\/p>\n                            <\/div>\n                          <\/div>\n                          <div data-colibri-id=\"2044-c10\" class=\"h-x-container style-1908 style-local-2044-c10 position-relative h-element\">\n                            <!---->\n                            <div class=\"h-x-container-inner style-dynamic-2044-c10-group style-1908-spacing style-local-2044-c10-spacing\"><span class=\"h-button__outer style-1909-outer style-local-2044-c11-outer d-inline-flex h-element\"><a h-use-smooth-scroll=\"true\" href=\"https:\/\/2eyi4f.share-eu1.hsforms.com\/28ADEADo_QbSD-_U2-E8H0A\"  data-colibri-id=\"2044-c11\" class=\"d-flex w-100 align-items-center h-button justify-content-lg-center justify-content-md-center justify-content-center style-1909 style-local-2044-c11 position-relative\"><!----><!----> <span>Demander une d\u00e9mo<\/span><\/a>\n                              <\/span>\n                            <\/div>\n                          <\/div>\n                        <\/div>\n                      <\/div>\n                    <\/div>\n                  <\/div>\n                <\/div>\n              <\/div>\n            <\/div>\n          <\/div>\n        <\/div>\n      <\/div>\n    <\/div>\n  <\/div>\n<\/div>","protected":false},"excerpt":{"rendered":"<p>Calculez vos&nbsp;\u00e9conomies&nbsp;en &nbsp;production textile Calculez pr\u00e9cis\u00e9ment vos \u00e9conomies sur la main-d\u2019\u0153uvre, les erreurs de production et l\u2019optimisation mati\u00e8re (tissu &amp; papier). En quelques clics, visualisez votre retour sur investissement et identifiez les leviers de performance pour votre atelier de sublimation ou de confection. Lancer le simulateur Tarifs d&rsquo;EasyGrada Easygrada ne doit pas vous convaincre par [&hellip;]<\/p>\n","protected":false},"author":1,"featured_media":0,"parent":0,"menu_order":0,"comment_status":"closed","ping_status":"closed","template":"page-templates\/full-width-page.php","meta":{"footnotes":""},"class_list":["post-2044","page","type-page","status-publish","hentry"],"yoast_head":"<!-- This site is optimized with the Yoast SEO plugin v27.4 - https:\/\/yoast.com\/product\/yoast-seo-wordpress\/ -->\n<title>PRIX - Sublimation textile<\/title>\n<meta name=\"description\" content=\"Choisissez parmi nos formules Starter, Essentials et Premium pour optimiser votre production en sublimation.\" \/>\n<meta name=\"robots\" content=\"index, follow, max-snippet:-1, max-image-preview:large, max-video-preview:-1\" \/>\n<link rel=\"canonical\" href=\"https:\/\/easygrada.fr\" \/>\n<meta property=\"og:locale\" content=\"fr_FR\" \/>\n<meta property=\"og:type\" content=\"article\" \/>\n<meta property=\"og:title\" content=\"PRIX - Sublimation textile\" \/>\n<meta property=\"og:description\" content=\"Choisissez parmi nos formules Starter, Essentials et Premium pour optimiser votre production en sublimation.\" \/>\n<meta property=\"og:url\" content=\"https:\/\/easygrada.fr\" \/>\n<meta property=\"og:site_name\" content=\"Sublimation textile\" \/>\n<meta property=\"article:modified_time\" content=\"2026-04-02T05:31:56+00:00\" \/>\n<meta property=\"og:image\" content=\"https:\/\/easygrada.fr\/wp-content\/uploads\/2024\/05\/GRADATION2.jpg\" \/>\n\t<meta property=\"og:image:width\" content=\"1315\" \/>\n\t<meta property=\"og:image:height\" content=\"677\" \/>\n\t<meta property=\"og:image:type\" content=\"image\/jpeg\" \/>\n<meta name=\"twitter:card\" content=\"summary_large_image\" \/>\n<meta name=\"twitter:label1\" content=\"Dur\u00e9e de lecture estim\u00e9e\" \/>\n\t<meta name=\"twitter:data1\" content=\"3 minutes\" \/>\n<script type=\"application\/ld+json\" class=\"yoast-schema-graph\">{\"@context\":\"https:\\\/\\\/schema.org\",\"@graph\":[{\"@type\":\"WebPage\",\"@id\":\"https:\\\/\\\/easygrada.fr\\\/pricing\\\/\",\"url\":\"https:\\\/\\\/easygrada.fr\",\"name\":\"PRIX - Sublimation textile\",\"isPartOf\":{\"@id\":\"https:\\\/\\\/easygrada.fr\\\/#website\"},\"datePublished\":\"2020-04-14T09:44:30+00:00\",\"dateModified\":\"2026-04-02T05:31:56+00:00\",\"description\":\"Choisissez parmi nos formules Starter, Essentials et Premium pour optimiser votre production en sublimation.\",\"breadcrumb\":{\"@id\":\"https:\\\/\\\/easygrada.fr#breadcrumb\"},\"inLanguage\":\"fr-FR\",\"potentialAction\":[{\"@type\":\"ReadAction\",\"target\":[\"https:\\\/\\\/easygrada.fr\"]}]},{\"@type\":\"BreadcrumbList\",\"@id\":\"https:\\\/\\\/easygrada.fr#breadcrumb\",\"itemListElement\":[{\"@type\":\"ListItem\",\"position\":1,\"name\":\"Accueil\",\"item\":\"https:\\\/\\\/easygrada.fr\\\/\"},{\"@type\":\"ListItem\",\"position\":2,\"name\":\"Nos Offres d\u2019Abonnement Personnalis\u00e9es\"}]},{\"@type\":\"WebSite\",\"@id\":\"https:\\\/\\\/easygrada.fr\\\/#website\",\"url\":\"https:\\\/\\\/easygrada.fr\\\/\",\"name\":\"EasyGrada\",\"description\":\"Automatisez la Sublimation facilement\",\"publisher\":{\"@id\":\"https:\\\/\\\/easygrada.fr\\\/#organization\"},\"alternateName\":\"Gradation Facile\",\"potentialAction\":[{\"@type\":\"SearchAction\",\"target\":{\"@type\":\"EntryPoint\",\"urlTemplate\":\"https:\\\/\\\/easygrada.fr\\\/?s={search_term_string}\"},\"query-input\":{\"@type\":\"PropertyValueSpecification\",\"valueRequired\":true,\"valueName\":\"search_term_string\"}}],\"inLanguage\":\"fr-FR\"},{\"@type\":\"Organization\",\"@id\":\"https:\\\/\\\/easygrada.fr\\\/#organization\",\"name\":\"EasyGrada\",\"url\":\"https:\\\/\\\/easygrada.fr\\\/\",\"logo\":{\"@type\":\"ImageObject\",\"inLanguage\":\"fr-FR\",\"@id\":\"https:\\\/\\\/easygrada.fr\\\/#\\\/schema\\\/logo\\\/image\\\/\",\"url\":\"https:\\\/\\\/easygrada.fr\\\/wp-content\\\/uploads\\\/2024\\\/04\\\/LOGO-EASYGRADA.png\",\"contentUrl\":\"https:\\\/\\\/easygrada.fr\\\/wp-content\\\/uploads\\\/2024\\\/04\\\/LOGO-EASYGRADA.png\",\"width\":129,\"height\":118,\"caption\":\"EasyGrada\"},\"image\":{\"@id\":\"https:\\\/\\\/easygrada.fr\\\/#\\\/schema\\\/logo\\\/image\\\/\"}}]}<\/script>\n<!-- \/ Yoast SEO plugin. -->","yoast_head_json":{"title":"PRIX - Sublimation textile","description":"Choisissez parmi nos formules Starter, Essentials et Premium pour optimiser votre production en sublimation.","robots":{"index":"index","follow":"follow","max-snippet":"max-snippet:-1","max-image-preview":"max-image-preview:large","max-video-preview":"max-video-preview:-1"},"canonical":"https:\/\/easygrada.fr","og_locale":"fr_FR","og_type":"article","og_title":"PRIX - Sublimation textile","og_description":"Choisissez parmi nos formules Starter, Essentials et Premium pour optimiser votre production en sublimation.","og_url":"https:\/\/easygrada.fr","og_site_name":"Sublimation textile","article_modified_time":"2026-04-02T05:31:56+00:00","og_image":[{"width":1315,"height":677,"url":"https:\/\/easygrada.fr\/wp-content\/uploads\/2024\/05\/GRADATION2.jpg","type":"image\/jpeg"}],"twitter_card":"summary_large_image","twitter_misc":{"Dur\u00e9e de lecture estim\u00e9e":"3 minutes"},"schema":{"@context":"https:\/\/schema.org","@graph":[{"@type":"WebPage","@id":"https:\/\/easygrada.fr\/pricing\/","url":"https:\/\/easygrada.fr","name":"PRIX - Sublimation textile","isPartOf":{"@id":"https:\/\/easygrada.fr\/#website"},"datePublished":"2020-04-14T09:44:30+00:00","dateModified":"2026-04-02T05:31:56+00:00","description":"Choisissez parmi nos formules Starter, Essentials et Premium pour optimiser votre production en sublimation.","breadcrumb":{"@id":"https:\/\/easygrada.fr#breadcrumb"},"inLanguage":"fr-FR","potentialAction":[{"@type":"ReadAction","target":["https:\/\/easygrada.fr"]}]},{"@type":"BreadcrumbList","@id":"https:\/\/easygrada.fr#breadcrumb","itemListElement":[{"@type":"ListItem","position":1,"name":"Accueil","item":"https:\/\/easygrada.fr\/"},{"@type":"ListItem","position":2,"name":"Nos Offres d\u2019Abonnement Personnalis\u00e9es"}]},{"@type":"WebSite","@id":"https:\/\/easygrada.fr\/#website","url":"https:\/\/easygrada.fr\/","name":"EasyGrada","description":"Automatisez la Sublimation facilement","publisher":{"@id":"https:\/\/easygrada.fr\/#organization"},"alternateName":"Gradation Facile","potentialAction":[{"@type":"SearchAction","target":{"@type":"EntryPoint","urlTemplate":"https:\/\/easygrada.fr\/?s={search_term_string}"},"query-input":{"@type":"PropertyValueSpecification","valueRequired":true,"valueName":"search_term_string"}}],"inLanguage":"fr-FR"},{"@type":"Organization","@id":"https:\/\/easygrada.fr\/#organization","name":"EasyGrada","url":"https:\/\/easygrada.fr\/","logo":{"@type":"ImageObject","inLanguage":"fr-FR","@id":"https:\/\/easygrada.fr\/#\/schema\/logo\/image\/","url":"https:\/\/easygrada.fr\/wp-content\/uploads\/2024\/04\/LOGO-EASYGRADA.png","contentUrl":"https:\/\/easygrada.fr\/wp-content\/uploads\/2024\/04\/LOGO-EASYGRADA.png","width":129,"height":118,"caption":"EasyGrada"},"image":{"@id":"https:\/\/easygrada.fr\/#\/schema\/logo\/image\/"}}]}},"jetpack_sharing_enabled":true,"_links":{"self":[{"href":"https:\/\/easygrada.fr\/wp-json\/wp\/v2\/pages\/2044","targetHints":{"allow":["GET"]}}],"collection":[{"href":"https:\/\/easygrada.fr\/wp-json\/wp\/v2\/pages"}],"about":[{"href":"https:\/\/easygrada.fr\/wp-json\/wp\/v2\/types\/page"}],"author":[{"embeddable":true,"href":"https:\/\/easygrada.fr\/wp-json\/wp\/v2\/users\/1"}],"replies":[{"embeddable":true,"href":"https:\/\/easygrada.fr\/wp-json\/wp\/v2\/comments?post=2044"}],"version-history":[{"count":20,"href":"https:\/\/easygrada.fr\/wp-json\/wp\/v2\/pages\/2044\/revisions"}],"predecessor-version":[{"id":5252,"href":"https:\/\/easygrada.fr\/wp-json\/wp\/v2\/pages\/2044\/revisions\/5252"}],"wp:attachment":[{"href":"https:\/\/easygrada.fr\/wp-json\/wp\/v2\/media?parent=2044"}],"curies":[{"name":"wp","href":"https:\/\/api.w.org\/{rel}","templated":true}]}}